{"id":5498,"date":"2021-04-21T12:22:15","date_gmt":"2021-04-21T12:22:15","guid":{"rendered":"https:\/\/optico-demo.pbminfotech.com\/optico-data\/?page_id=5498"},"modified":"2022-11-14T17:07:57","modified_gmt":"2022-11-14T16:07:57","slug":"cabinet","status":"publish","type":"page","link":"https:\/\/azophtalmologie.com\/fr\/cabinet\/","title":{"rendered":"Le Cabinet"},"content":{"rendered":"<p>[vc_row ts_responsive_css=\u00a0\u00bb41196325|colbreak_no|||||80px||60px||colbreak_no|||||||||colbreak_no|||||60px||30px|||colbreak_no|||||||||\u00a0\u00bb][vc_column offset=\u00a0\u00bbvc_col-lg-6 vc_col-md-6&Prime;][vc_single_image image=\u00a0\u00bb29641&Prime; img_size=\u00a0\u00bbfull\u00a0\u00bb el_class=\u00a0\u00bbts-effect-img ts-border-radius-img\u00a0\u00bb][vc_single_image image=\u00a0\u00bb29377&Prime; img_size=\u00a0\u00bb360*200&Prime; el_class=\u00a0\u00bbts-abs-img ts-border-radius-img img2&Prime;][\/vc_column][vc_column css=\u00a0\u00bb.vc_custom_1618910340950{padding-left: 40px !important;}\u00a0\u00bb ts_responsive_css=\u00a0\u00bb66363856|colbreak_no|||||||||colbreak_no|||||145px|||15px|colbreak_no||||||||||colbreak_no|||||||||\u00a0\u00bb offset=\u00a0\u00bbvc_col-lg-6 vc_col-md-6&Prime;]<div class=\"ts-element-heading-wrapper ts-heading-inner ts-element-align-left ts-seperator-none  cabinet-title\"><section class=\"ts-vc_cta3-container cabinet-title\"><div class=\"ts-vc_general ts-vc_cta3 ts-cta3-only ts-vc_cta3-style-classic ts-vc_cta3-shape-rounded ts-vc_cta3-align-left ts-vc_cta3-color-transparent ts-vc_cta3-icon-size-md ts-vc_cta3-actions-no ts-cta3-without-desc\"><div class=\"ts-vc_cta3_content-container\"><div class=\"ts-vc_cta3-content\"><div class=\"ts-vc_cta3-content-header ts-wrap\"><div class=\"ts-vc_cta3-headers ts-wrap-cell\"><h2 class=\"ts-custom-heading \" >Le cabinet<br \/>\n<strong>AZ Ophtalmologie<\/strong><\/h2>\n<\/div><\/div><\/div><\/div><\/div><\/section><\/div> <!-- .ts-element-heading-wrapper container --> [vc_column_text]Si vous prenez rendez-vous au cabinet, vous serez accueilli rapidement par Docteur Abouzeid ou tout autre membre de l\u2019\u00e9quipe. Pour nous, chaque patient est unique, vous serez ainsi pris en charge de mani\u00e8re personnalis\u00e9e en fonction de votre probl\u00e9matique.[\/vc_column_text][vc_separator css=\u00a0\u00bb.vc_custom_1657807247590{padding-top: 5px !important;padding-bottom: 5px !important;}\u00a0\u00bb][vc_column_text]<\/p>\n<h3>Notre engagement\u00a0:<\/h3>\n<p>D\u00e9livrer l\u2019excellence en ophtalmologie au service de vos yeux.<\/p>\n<h3>Notre Vision :<\/h3>\n<p>Notre vision est celle d\u2019am\u00e9liorer ou de maintenir une excellente vue pour chaque patient, o\u00f9 les d\u00e9cisions de traitement m\u00e9dical ou chirurgical sont fond\u00e9es non seulement sur des donn\u00e9es bas\u00e9es sur les preuves, mais aussi sur les consid\u00e9rations humaines de chaque patient.[\/vc_column_text][\/vc_column][\/vc_row][vc_row ts_bgcolor=\u00a0\u00bbdarkgrey\u00a0\u00bb full_width=\u00a0\u00bbstretch_row\u00a0\u00bb equal_height=\u00a0\u00bbyes\u00a0\u00bb css=\u00a0\u00bb.vc_custom_1617603152718{padding-top: 0px !important;padding-bottom: 0px !important;}\u00a0\u00bb][vc_column ts_textcolor=\u00a0\u00bbwhite\u00a0\u00bb width=\u00a0\u00bb1\/2&Prime; css=\u00a0\u00bb.vc_custom_1618390365853{padding-top: 90px !important;padding-right: 20px !important;padding-bottom: 90px !important;}\u00a0\u00bb ts_responsive_css=\u00a0\u00bb97329004|colbreak_no|||||||||colbreak_no|||||45px||130px||colbreak_no|||||||30px|||colbreak_no|||||||||\u00a0\u00bb]<div class=\"ts-element-heading-wrapper ts-heading-inner ts-element-align-left ts-seperator-none  ts-fontweightbold\"><section class=\"ts-vc_cta3-container ts-fontweightbold\"><div class=\"ts-vc_general ts-vc_cta3 ts-cta3-only ts-vc_cta3-style-classic ts-vc_cta3-shape-rounded ts-vc_cta3-align-left ts-vc_cta3-color-transparent ts-vc_cta3-icon-size-md ts-vc_cta3-actions-no ts-cta3-with-desc\"><div class=\"ts-vc_cta3_content-container\"><div class=\"ts-vc_cta3-content\"><div class=\"ts-vc_cta3-content-header ts-wrap\"><div class=\"ts-vc_cta3-headers ts-wrap-cell\"><h2 class=\"ts-custom-heading ts-fontweightbold \" >Notre approche<\/h2>\n<\/div><\/div><div class=\"ts-cta3-content-wrapper\"><p>La combinaison de la m\u00e9decine bas\u00e9e sur les preuves et de la \u00ab smarter medicine \u00bb permet d\u2019apporter une meilleure qualit\u00e9 de soins aux patients, en limitant le co\u00fbt humain potentiellement n\u00e9faste et le co\u00fbt financier excessif.<\/p><\/div><\/div><\/div><\/div><\/section><\/div> <!-- .ts-element-heading-wrapper container --> [vc_separator color=\u00a0\u00bbcustom\u00a0\u00bb el_width=\u00a0\u00bb90&Prime; accent_color=\u00a0\u00bbrgba(255,255,255,0.2)\u00a0\u00bb][vc_column_text]<span style=\"color: #ffffff;\">Notre pratique se base sur la m\u00e9decine moderne et fond\u00e9e sur les preuves (<span style=\"text-decoration: underline;\"><a style=\"color: #ffffff; text-decoration: underline;\" href=\"https:\/\/www.hopkinsmedicine.org\/gim\/research\/method\/ebm.html\">Evidence-Based-Medicine<\/a><\/span>), provenant d\u2019\u00e9tudes cliniques syst\u00e9matiques pour la prise de d\u00e9cisions concernant les soins \u00e0 prodiguer \u00e0 chaque patient.<\/span><br \/>\n<span style=\"color: #ffffff;\">Nous mettons un point d\u2019honneur \u00e0 utiliser une plateforme technique ultramoderne \u00e0 la hauteur de nos objectifs. Dans cette m\u00eame perspective, AZ Ophtalmologie est un cabinet enti\u00e8rement informatis\u00e9.<\/span>[\/vc_column_text][\/vc_column][vc_column reduce_extra_padding=\u00a0\u00bb991&Prime; ts_col_bg_expand=\u00a0\u00bbright\u00a0\u00bb width=\u00a0\u00bb1\/2&Prime; css=\u00a0\u00bb.vc_custom_1657808121873{background-image: url(https:\/\/azophtalmologie.com\/wp-content\/uploads\/2022\/07\/AZ-Ophtalmologie-consultation.jpg?id=29659) !important;background-position: center !important;background-repeat: no-repeat !important;background-size: cover !important;}\u00a0\u00bb ts_responsive_css=\u00a0\u00bb49194487|colbreak_no|||||||||colbreak_no|||||||||colbreak_no|||||120px||120px|||colbreak_no|||||||||\u00a0\u00bb el_class=\u00a0\u00bbts-clipimg\u00a0\u00bb][\/vc_column][\/vc_row][vc_row full_width=\u00a0\u00bbstretch_row\u00a0\u00bb ts_responsive_css=\u00a0\u00bb40947549|colbreak_no|||||80px||50px||colbreak_no|||||||||colbreak_no|||||60px||30px|||colbreak_no|||||||||\u00a0\u00bb][vc_column css=\u00a0\u00bb.vc_custom_1617858001671{padding-top: 15px !important;padding-bottom: 48px !important;}\u00a0\u00bb ts_responsive_css=\u00a0\u00bb28239024|colbreak_no|||||||||colbreak_no|||||0||0||colbreak_no||||||||||colbreak_no|||||||||\u00a0\u00bb]<div class=\"themestek-box-heading-wrapper ts-element-align-center\"><div class=\"ts-element-heading-wrapper ts-heading-inner ts-element-align-center ts-seperator-none \"><section class=\"ts-vc_cta3-container\"><div class=\"ts-vc_general ts-vc_cta3 ts-cta3-only ts-vc_cta3-style-classic ts-vc_cta3-shape-rounded ts-vc_cta3-align-center ts-vc_cta3-color-transparent ts-vc_cta3-icon-size-md ts-vc_cta3-actions-no ts-cta3-without-desc\"><div class=\"ts-vc_cta3_content-container\"><div class=\"ts-vc_cta3-content\"><div class=\"ts-vc_cta3-content-header ts-wrap\"><div class=\"ts-vc_cta3-headers ts-wrap-cell\"><h2 class=\"ts-custom-heading \" >NOS VALEURS<\/h2>\n<\/div><\/div><\/div><\/div><\/div><\/section><\/div> <!-- .ts-element-heading-wrapper container --> <\/div> <!-- .ts-element-heading-wrapper container --> <div class=\"themestek-boxes-row-wrapper ts-processbox-wrapper processbox-style1\">\r\n\t\t\t\t\t\t<div class=\"ts-processbox\">\r\n\t\t\t\t\t\t\t<div class=\"ts-box-imagebox\"> \r\n\t\t\t\t\t\t\t\t\t<div class=\"ts-process-img\">\r\n\t\t\t\t\t\t\t\t\t\r\n\t\t\t\t\t\t\t\t\t<div class=\"process-num\"><span class=\"number\">01<\/span><\/div>\r\n\t\t\t\t\t\t\t\t\t<\/div>\t\t\t\t\t\t\t\t\r\n\t\t\t\t\t\t\t<\/div>\r\n\t\t\t\t\t\t\t<div class=\"ts-box-content\" >\r\n\t\t\t\t\t\t\t\t<div class=\"ts-box-title\"><h5>Int\u00e9grit\u00e9 <\/h5><\/div>\r\n\t\t\t\t\t\t\t\t<div class=\"ts-box-description\">Notre \u00e9thique m\u00e9dicale est \u00e9lev\u00e9e, bas\u00e9e sur les principes du serment d\u2019Hippocrate en premier lieu \u00ab primum non nocere \u00bb, ne pas nuire au patient, et sur le Serment Suisse.\nNous prenons des d\u00e9cisions bas\u00e9es sur des preuves m\u00e9dicales, sur un \u00e9quilibre optimal entre co\u00fbt, qu\u2019il soit humain ou financier, et efficacit\u00e9, en mesurant les risques et les b\u00e9n\u00e9fices pour chaque patient, dans sa sp\u00e9cificit\u00e9 et son int\u00e9gralit\u00e9. Chaque patient est accueilli sans consid\u00e9ration de genre, d'infirmit\u00e9, de croyance, d'orientation sexuelle, d'affiliation politique, d'origine ethnique, de statut social, de couverture d'assurance ou de nationalit\u00e9.<\/div>\r\n\t\t\t\t\t\t\t<\/div>\r\n\t\t\t\t\t\t<\/div>\r\n\t\t\t\t\t\t\r\n\t\t\t\t\t\t<div class=\"ts-processbox\">\r\n\t\t\t\t\t\t\t<div class=\"ts-box-imagebox\"> \r\n\t\t\t\t\t\t\t\t\t<div class=\"ts-process-img\">\r\n\t\t\t\t\t\t\t\t\t\r\n\t\t\t\t\t\t\t\t\t<div class=\"process-num\"><span class=\"number\">02<\/span><\/div>\r\n\t\t\t\t\t\t\t\t\t<\/div>\t\t\t\t\t\t\t\t\r\n\t\t\t\t\t\t\t<\/div>\r\n\t\t\t\t\t\t\t<div class=\"ts-box-content\" >\r\n\t\t\t\t\t\t\t\t<div class=\"ts-box-title\"><h5>Responsabilit\u00e9<\/h5><\/div>\r\n\t\t\t\t\t\t\t\t<div class=\"ts-box-description\">Chacun mesure la responsabilit\u00e9 m\u00e9dicale, \u00e9thique et humaine qui est sienne dans les soins donn\u00e9s au patient et dans la cha\u00eene du travail d\u2019\u00e9quipe. Nous exer\u00e7ons notre m\u00e9tier au plus proche de notre conscience pour faire honneur \u00e0 la confiance que chaque patient nous donne pour le soigner. Int\u00e9grit\u00e9 et responsabilit\u00e9 vont de pair. Nous cherchons \u00e0 atteindre notre vision dans le respect de nos valeurs. Chaque membre de l\u2019\u00e9quipe est responsable de chaque acte prodigu\u00e9. <\/div>\r\n\t\t\t\t\t\t\t<\/div>\r\n\t\t\t\t\t\t<\/div>\r\n\t\t\t\t\t\t\r\n\t\t\t\t\t\t<div class=\"ts-processbox\">\r\n\t\t\t\t\t\t\t<div class=\"ts-box-imagebox\"> \r\n\t\t\t\t\t\t\t\t\t<div class=\"ts-process-img\">\r\n\t\t\t\t\t\t\t\t\t\r\n\t\t\t\t\t\t\t\t\t<div class=\"process-num\"><span class=\"number\">03<\/span><\/div>\r\n\t\t\t\t\t\t\t\t\t<\/div>\t\t\t\t\t\t\t\t\r\n\t\t\t\t\t\t\t<\/div>\r\n\t\t\t\t\t\t\t<div class=\"ts-box-content\" >\r\n\t\t\t\t\t\t\t\t<div class=\"ts-box-title\"><h5>Excellence<\/h5><\/div>\r\n\t\t\t\t\t\t\t\t<div class=\"ts-box-description\">Il rel\u00e8ve de notre mission de dispenser des soins \u00e0 la pointe des connaissances actuelles pour les maladies de l\u2019\u0153il, en utilisant les traitements les plus adapt\u00e9s aux besoins sp\u00e9cifiques de chaque patient. Pour ce faire, nous disposons d\u2019une \u00e9quipe qui a une formation de haut niveau dans chaque domaine, une large exp\u00e9rience et qui met un point d\u2019honneur \u00e0 suivre les formations continues et congr\u00e8s internationaux de renomm\u00e9e chaque ann\u00e9e. Notre plateau technique est des plus modernes, et se d\u00e9veloppe au rythme des innovations m\u00e9dicales et chirurgicales. <\/div>\r\n\t\t\t\t\t\t\t<\/div>\r\n\t\t\t\t\t\t<\/div>\r\n\t\t\t\t\t\t<\/div>[\/vc_column][\/vc_row][vc_row ts_bgcolor=\u00a0\u00bbdarkgrey\u00a0\u00bb full_width=\u00a0\u00bbstretch_row\u00a0\u00bb equal_height=\u00a0\u00bbyes\u00a0\u00bb css=\u00a0\u00bb.vc_custom_1657833840062{margin-bottom: 25px !important;padding-top: 0px !important;padding-bottom: 0px !important;}\u00a0\u00bb][vc_column ts_textcolor=\u00a0\u00bbwhite\u00a0\u00bb width=\u00a0\u00bb1\/2&Prime; css=\u00a0\u00bb.vc_custom_1618390365853{padding-top: 90px !important;padding-right: 20px !important;padding-bottom: 90px !important;}\u00a0\u00bb ts_responsive_css=\u00a0\u00bb97329004|colbreak_no|||||||||colbreak_no|||||45px||130px||colbreak_no|||||||30px|||colbreak_no|||||||||\u00a0\u00bb][vc_column_text]<\/p>\n<h2><span style=\"color: #ffffff;\">Quand nous consulter ?<\/span><\/h2>\n<p>[\/vc_column_text][vc_column_text]<span style=\"color: #ffffff;\">Une premi\u00e8re consultation est recommand\u00e9e chez les enfants sans facteurs de risque \u00e0 l\u2019\u00e2ge de <strong>4 ans<\/strong>.<\/span> <strong><span style=\"color: #ffffff;\">Si des facteurs de risque sont pr\u00e9sents (familiaux, amblyopie, strabisme, autres), une consultation s\u2019impose d\u00e8s que possible. Le suivi sera ensuite adapt\u00e9 en fonction de l\u2019examen effectu\u00e9.<\/span> <\/strong>[\/vc_column_text][vc_column_text]<\/p>\n<ul>\n<li><span style=\"color: #ffffff;\"><strong>De 20 \u00e0 45 ans :<\/strong> tous les 3 ans<\/span><\/li>\n<li><span style=\"color: #ffffff;\"><strong>A partir de 45-50 ans :<\/strong> tous les deux ou trois ans. La survenue de la presbytie doit \u00eatre l\u2019occasion d\u2019un contr\u00f4le, en particulier pour ceux qui ne portaient pas de lunettes auparavant<\/span><\/li>\n<li><span style=\"color: #ffffff;\"><strong>Apr\u00e8s 65 ans :<\/strong> au moins tous les deux ans<\/span><\/li>\n<\/ul>\n<p>[\/vc_column_text][\/vc_column][vc_column reduce_extra_padding=\u00a0\u00bb991&Prime; ts_col_bg_expand=\u00a0\u00bbright\u00a0\u00bb width=\u00a0\u00bb1\/2&Prime; css=\u00a0\u00bb.vc_custom_1657809061498{background-image: url(https:\/\/azophtalmologie.com\/wp-content\/uploads\/2022\/07\/AZ-consultation-1.jpg?id=29678) !important;background-position: center !important;background-repeat: no-repeat !important;background-size: cover !important;}\u00a0\u00bb ts_responsive_css=\u00a0\u00bb49194487|colbreak_no|||||||||colbreak_no|||||||||colbreak_no|||||120px||120px|||colbreak_no|||||||||\u00a0\u00bb el_class=\u00a0\u00bbts-clipimg\u00a0\u00bb][\/vc_column][\/vc_row]<\/p>\n","protected":false},"excerpt":{"rendered":"<p>[vc_row ts_responsive_css=\u00a0\u00bb41196325|colbreak_no|||||80px||60px||colbreak_no|||||||||colbreak_no|||||60px||30px|||colbreak_no|||||||||\u00a0\u00bb][vc_column offset=\u00a0\u00bbvc_col-lg-6 vc_col-md-6&Prime;][vc_single_image image=\u00a0\u00bb29641&Prime; img_size=\u00a0\u00bbfull\u00a0\u00bb el_class=\u00a0\u00bbts-effect-img ts-border-radius-img\u00a0\u00bb][vc_single_image image=\u00a0\u00bb29377&Prime; img_size=\u00a0\u00bb360*200&Prime; el_class=\u00a0\u00bbts-abs-img ts-border-radius-img img2&Prime;][\/vc_column][vc_column css=\u00a0\u00bb.vc_custom_1618910340950{padding-left: 40px !important;}\u00a0\u00bb ts_responsive_css=\u00a0\u00bb66363856|colbreak_no|||||||||colbreak_no|||||145px|||15px|colbreak_no||||||||||colbreak_no|||||||||\u00a0\u00bb offset=\u00a0\u00bbvc_col-lg-6 vc_col-md-6&Prime;][vc_column_text]Si vous prenez rendez-vous au cabinet, vous serez accueilli rapidement par Docteur Abouzeid ou tout autre membre de l\u2019\u00e9quipe. Pour nous, chaque patient est unique, vous serez ainsi pris en charge de mani\u00e8re personnalis\u00e9e en fonction de &hellip; <a href=\"https:\/\/azophtalmologie.com\/fr\/cabinet\/\" class=\"more-link\">Continue reading <span class=\"screen-reader-text\">Le Cabinet<\/span><\/a><\/p>\n","protected":false},"author":1,"featured_media":0,"parent":0,"menu_order":7,"comment_status":"closed","ping_status":"closed","template":"","meta":[],"yoast_head":"<!-- This site is optimized with the Yoast SEO plugin v20.0 - https:\/\/yoast.com\/wordpress\/plugins\/seo\/ -->\n<title>Le Cabinet - AZ Ophtalmologie<\/title>\n<meta name=\"description\" content=\"Soyez accueilli.e par Docteur Abouzeid ou tout autre membre de l\u2019\u00e9quipe pour b\u00e9n\u00e9ficier des meilleurs soins ophtalmologiques \u00e0 Gen\u00e8ve.\" \/>\n<meta name=\"robots\" content=\"index, follow, max-snippet:-1, max-image-preview:large, max-video-preview:-1\" \/>\n<link rel=\"canonical\" href=\"https:\/\/azophtalmologie.com\/fr\/cabinet\/\" \/>\n<meta property=\"og:locale\" content=\"fr_FR\" \/>\n<meta property=\"og:type\" content=\"article\" \/>\n<meta property=\"og:title\" content=\"Le Cabinet - AZ Ophtalmologie\" \/>\n<meta property=\"og:description\" content=\"Soyez accueilli.e par Docteur Abouzeid ou tout autre membre de l\u2019\u00e9quipe pour b\u00e9n\u00e9ficier des meilleurs soins ophtalmologiques \u00e0 Gen\u00e8ve.\" \/>\n<meta property=\"og:url\" content=\"https:\/\/azophtalmologie.com\/fr\/cabinet\/\" \/>\n<meta property=\"og:site_name\" content=\"AZ Ophtalmologie\" \/>\n<meta property=\"article:modified_time\" content=\"2022-11-14T16:07:57+00:00\" \/>\n<meta name=\"twitter:card\" content=\"summary_large_image\" \/>\n<meta name=\"twitter:label1\" content=\"Dur\u00e9e de lecture estim\u00e9e\" \/>\n\t<meta name=\"twitter:data1\" content=\"3 minutes\" \/>\n<script type=\"application\/ld+json\" class=\"yoast-schema-graph\">{\"@context\":\"https:\/\/schema.org\",\"@graph\":[{\"@type\":\"WebPage\",\"@id\":\"https:\/\/azophtalmologie.com\/fr\/cabinet\/\",\"url\":\"https:\/\/azophtalmologie.com\/fr\/cabinet\/\",\"name\":\"Le Cabinet - AZ Ophtalmologie\",\"isPartOf\":{\"@id\":\"https:\/\/azophtalmologie.com\/fr\/#website\"},\"datePublished\":\"2021-04-21T12:22:15+00:00\",\"dateModified\":\"2022-11-14T16:07:57+00:00\",\"description\":\"Soyez accueilli.e par Docteur Abouzeid ou tout autre membre de l\u2019\u00e9quipe pour b\u00e9n\u00e9ficier des meilleurs soins ophtalmologiques \u00e0 Gen\u00e8ve.\",\"breadcrumb\":{\"@id\":\"https:\/\/azophtalmologie.com\/fr\/cabinet\/#breadcrumb\"},\"inLanguage\":\"fr-FR\",\"potentialAction\":[{\"@type\":\"ReadAction\",\"target\":[\"https:\/\/azophtalmologie.com\/fr\/cabinet\/\"]}]},{\"@type\":\"BreadcrumbList\",\"@id\":\"https:\/\/azophtalmologie.com\/fr\/cabinet\/#breadcrumb\",\"itemListElement\":[{\"@type\":\"ListItem\",\"position\":1,\"name\":\"Accueil\",\"item\":\"https:\/\/azophtalmologie.com\/fr\/\"},{\"@type\":\"ListItem\",\"position\":2,\"name\":\"Le Cabinet\"}]},{\"@type\":\"WebSite\",\"@id\":\"https:\/\/azophtalmologie.com\/fr\/#website\",\"url\":\"https:\/\/azophtalmologie.com\/fr\/\",\"name\":\"AZ Ophtalmologie\",\"description\":\"Soins de pointe pour votre vue \u00e0 Gen\u00e8ve\",\"publisher\":{\"@id\":\"https:\/\/azophtalmologie.com\/fr\/#organization\"},\"potentialAction\":[{\"@type\":\"SearchAction\",\"target\":{\"@type\":\"EntryPoint\",\"urlTemplate\":\"https:\/\/azophtalmologie.com\/fr\/?s={search_term_string}\"},\"query-input\":\"required name=search_term_string\"}],\"inLanguage\":\"fr-FR\"},{\"@type\":\"Organization\",\"@id\":\"https:\/\/azophtalmologie.com\/fr\/#organization\",\"name\":\"AZ Ophtalmologie\",\"url\":\"https:\/\/azophtalmologie.com\/fr\/\",\"logo\":{\"@type\":\"ImageObject\",\"inLanguage\":\"fr-FR\",\"@id\":\"https:\/\/azophtalmologie.com\/fr\/#\/schema\/logo\/image\/\",\"url\":\"https:\/\/azophtalmologie.com\/wp-content\/uploads\/2022\/06\/Logo-AZ-OPHTALMOLOGIE-S.png\",\"contentUrl\":\"https:\/\/azophtalmologie.com\/wp-content\/uploads\/2022\/06\/Logo-AZ-OPHTALMOLOGIE-S.png\",\"width\":2020,\"height\":538,\"caption\":\"AZ Ophtalmologie\"},\"image\":{\"@id\":\"https:\/\/azophtalmologie.com\/fr\/#\/schema\/logo\/image\/\"}}]}<\/script>\n<!-- \/ Yoast SEO plugin. -->","yoast_head_json":{"title":"Le Cabinet - AZ Ophtalmologie","description":"Soyez accueilli.e par Docteur Abouzeid ou tout autre membre de l\u2019\u00e9quipe pour b\u00e9n\u00e9ficier des meilleurs soins ophtalmologiques \u00e0 Gen\u00e8ve.","robots":{"index":"index","follow":"follow","max-snippet":"max-snippet:-1","max-image-preview":"max-image-preview:large","max-video-preview":"max-video-preview:-1"},"canonical":"https:\/\/azophtalmologie.com\/fr\/cabinet\/","og_locale":"fr_FR","og_type":"article","og_title":"Le Cabinet - AZ Ophtalmologie","og_description":"Soyez accueilli.e par Docteur Abouzeid ou tout autre membre de l\u2019\u00e9quipe pour b\u00e9n\u00e9ficier des meilleurs soins ophtalmologiques \u00e0 Gen\u00e8ve.","og_url":"https:\/\/azophtalmologie.com\/fr\/cabinet\/","og_site_name":"AZ Ophtalmologie","article_modified_time":"2022-11-14T16:07:57+00:00","twitter_card":"summary_large_image","twitter_misc":{"Dur\u00e9e de lecture estim\u00e9e":"3 minutes"},"schema":{"@context":"https:\/\/schema.org","@graph":[{"@type":"WebPage","@id":"https:\/\/azophtalmologie.com\/fr\/cabinet\/","url":"https:\/\/azophtalmologie.com\/fr\/cabinet\/","name":"Le Cabinet - AZ Ophtalmologie","isPartOf":{"@id":"https:\/\/azophtalmologie.com\/fr\/#website"},"datePublished":"2021-04-21T12:22:15+00:00","dateModified":"2022-11-14T16:07:57+00:00","description":"Soyez accueilli.e par Docteur Abouzeid ou tout autre membre de l\u2019\u00e9quipe pour b\u00e9n\u00e9ficier des meilleurs soins ophtalmologiques \u00e0 Gen\u00e8ve.","breadcrumb":{"@id":"https:\/\/azophtalmologie.com\/fr\/cabinet\/#breadcrumb"},"inLanguage":"fr-FR","potentialAction":[{"@type":"ReadAction","target":["https:\/\/azophtalmologie.com\/fr\/cabinet\/"]}]},{"@type":"BreadcrumbList","@id":"https:\/\/azophtalmologie.com\/fr\/cabinet\/#breadcrumb","itemListElement":[{"@type":"ListItem","position":1,"name":"Accueil","item":"https:\/\/azophtalmologie.com\/fr\/"},{"@type":"ListItem","position":2,"name":"Le Cabinet"}]},{"@type":"WebSite","@id":"https:\/\/azophtalmologie.com\/fr\/#website","url":"https:\/\/azophtalmologie.com\/fr\/","name":"AZ Ophtalmologie","description":"Soins de pointe pour votre vue \u00e0 Gen\u00e8ve","publisher":{"@id":"https:\/\/azophtalmologie.com\/fr\/#organization"},"potentialAction":[{"@type":"SearchAction","target":{"@type":"EntryPoint","urlTemplate":"https:\/\/azophtalmologie.com\/fr\/?s={search_term_string}"},"query-input":"required name=search_term_string"}],"inLanguage":"fr-FR"},{"@type":"Organization","@id":"https:\/\/azophtalmologie.com\/fr\/#organization","name":"AZ Ophtalmologie","url":"https:\/\/azophtalmologie.com\/fr\/","logo":{"@type":"ImageObject","inLanguage":"fr-FR","@id":"https:\/\/azophtalmologie.com\/fr\/#\/schema\/logo\/image\/","url":"https:\/\/azophtalmologie.com\/wp-content\/uploads\/2022\/06\/Logo-AZ-OPHTALMOLOGIE-S.png","contentUrl":"https:\/\/azophtalmologie.com\/wp-content\/uploads\/2022\/06\/Logo-AZ-OPHTALMOLOGIE-S.png","width":2020,"height":538,"caption":"AZ Ophtalmologie"},"image":{"@id":"https:\/\/azophtalmologie.com\/fr\/#\/schema\/logo\/image\/"}}]}},"_links":{"self":[{"href":"https:\/\/azophtalmologie.com\/fr\/wp-json\/wp\/v2\/pages\/5498"}],"collection":[{"href":"https:\/\/azophtalmologie.com\/fr\/wp-json\/wp\/v2\/pages"}],"about":[{"href":"https:\/\/azophtalmologie.com\/fr\/wp-json\/wp\/v2\/types\/page"}],"author":[{"embeddable":true,"href":"https:\/\/azophtalmologie.com\/fr\/wp-json\/wp\/v2\/users\/1"}],"replies":[{"embeddable":true,"href":"https:\/\/azophtalmologie.com\/fr\/wp-json\/wp\/v2\/comments?post=5498"}],"version-history":[{"count":60,"href":"https:\/\/azophtalmologie.com\/fr\/wp-json\/wp\/v2\/pages\/5498\/revisions"}],"predecessor-version":[{"id":29859,"href":"https:\/\/azophtalmologie.com\/fr\/wp-json\/wp\/v2\/pages\/5498\/revisions\/29859"}],"wp:attachment":[{"href":"https:\/\/azophtalmologie.com\/fr\/wp-json\/wp\/v2\/media?parent=5498"}],"curies":[{"name":"wp","href":"https:\/\/api.w.org\/{rel}","templated":true}]}}