{"id":5441,"date":"2021-04-21T06:32:01","date_gmt":"2021-04-21T06:32:01","guid":{"rendered":"https:\/\/optico-demo.pbminfotech.com\/optico-data\/?page_id=5441"},"modified":"2022-11-14T17:04:18","modified_gmt":"2022-11-14T16:04:18","slug":"homepage-4","status":"publish","type":"page","link":"https:\/\/azophtalmologie.com\/fr\/","title":{"rendered":"AZ Ophtalmologie"},"content":{"rendered":"<p>[vc_row ts_responsive_css=\u00a0\u00bb59331692|colbreak_no|||||80px||80px||colbreak_no|||||||||colbreak_no|||||60px||50px|||colbreak_no|||||||||\u00a0\u00bb][vc_column width=\u00a0\u00bb5\/12&Prime; css=\u00a0\u00bb.vc_custom_1659625230338{padding-right: 50px !important;}\u00a0\u00bb ts_responsive_css=\u00a0\u00bb56245106|colbreak_no|||||||||colbreak_no||||||0px|||colbreak_no||||||||||colbreak_no|||||||||\u00a0\u00bb el_class=\u00a0\u00bbaz-home-quote\u00a0\u00bb][vc_column_text css=\u00a0\u00bb.vc_custom_1657528198241{margin-top: -20px !important;}\u00a0\u00bb]<\/p>\n<p style=\"font-style: italic; font-weight: 300; font-size: 22px; line-height: 36px;\">\u201cJ\u2019ai fond\u00e9 le cabinet AZ Ophtalmologie pour apporter \u00e0 chaque patient des soins de pointe pour sa qualit\u00e9 de vision, et donc de vie. Chaque patient me confie ses yeux, un tr\u00e9sor unique, je me dois d\u2019\u00eatre \u00e0 la hauteur de sa confiance.\u201d<\/p>\n<p>[\/vc_column_text][vc_row_inner css=\u00a0\u00bb.vc_custom_1659624865897{margin-top: -15px !important;}\u00a0\u00bb][vc_column_inner css=\u00a0\u00bb.vc_custom_1659624962167{padding-top: 10px !important;}\u00a0\u00bb]<h2 style=\"text-align:right;font-size:18px;\" class=\"ts-custom-heading vc_custom_1659868989921\" >Docteur Hana Abouzeid<\/h2>\n[vc_column_text]<\/p>\n<p style=\"text-align: right;\">Fondatrice du cabinet AZ Ophtalmologie<\/p>\n<p>[\/vc_column_text][\/vc_column_inner][\/vc_row_inner][\/vc_column][vc_column width=\u00a0\u00bb3\/12&Prime;][vc_row_inner css=\u00a0\u00bb.vc_custom_1659624736399{padding-right: 50px !important;}\u00a0\u00bb ts_responsive_css=\u00a0\u00bb96731026|colbreak_no||0||0px||0||0|colbreak_no|50px|0||0||0||0|colbreak_no|0px|0|25px|0||0||0||colbreak_no|||||||||\u00a0\u00bb][vc_column_inner][vc_single_image image=\u00a0\u00bb29739&Prime; img_size=\u00a0\u00bbfull\u00a0\u00bb alignment=\u00a0\u00bbcenter\u00a0\u00bb style=\u00a0\u00bbvc_box_rounded\u00a0\u00bb][\/vc_column_inner][\/vc_row_inner][\/vc_column][vc_column ts_textcolor=\u00a0\u00bbwhite\u00a0\u00bb ts_bgcolor=\u00a0\u00bbskincolor\u00a0\u00bb width=\u00a0\u00bb1\/3&Prime; css=\u00a0\u00bb.vc_custom_1657616526628{margin-top: -152px !important;padding-top: 30px !important;padding-right: 50px !important;padding-bottom: 45px !important;padding-left: 50px !important;}\u00a0\u00bb ts_responsive_css=\u00a0\u00bb11673973|colbreak_no|0px||||||||colbreak_no|||||||||colbreak_no|||||0px|15px|15px|15px|1024px|colbreak_no|||||15px|15px|20px|15px|\u00a0\u00bb el_class=\u00a0\u00bbts-border-radius break-1200-col1&Prime;]<h2 style=\"text-align:left;font-size:30px;\" class=\"ts-custom-heading vc_custom_1655041726985\" >Nos horaires<\/h2>\n[vc_column_text]Nous vous recevons dans notre cabinet de Gen\u00e8ve, chaque jour de la semaine, aux horaires ci-dessous.<\/p>\n<p><span style=\"font-size: 0.8em; line-height: 16px;\"><em>En dehors de ces heures et en cas d&rsquo;urgence m\u00e9dicale, veuillez contacter directement Docteur Abouzeid au num\u00e9ro qu&rsquo;elle vous aura indiqu\u00e9, ou le centre d&rsquo;urgence des HUG au +41 22 372 84 00<\/em><\/span>[\/vc_column_text]<div class=\"themestek-pricelistbox-wrapper \"><div class=\"ts-pricelist-block-wrapper\"><ul class=\"ts-pricelist-block\"><li>Lundi<span class=\"service-price\">08:30 - 17:00<\/span><\/li><li>Mardi<span class=\"service-price\">08:30 - 17:00<\/span><\/li><li>Mercredi<span class=\"service-price\">08:30 - 17:00<\/span><\/li><li>Jeudi<span class=\"service-price\">08:30 - 17:00<\/span><\/li><li>Vendredi<span class=\"service-price\">08:30 - 17:00<\/span><\/li><\/ul> <!-- .ts-pricelist-block --><\/div><!-- .ts-pricelist-block-wrapper -->  <\/div>[\/vc_column][\/vc_row][vc_row full_width=\u00a0\u00bbstretch_row_content\u00a0\u00bb css=\u00a0\u00bb.vc_custom_1617432381969{margin-top: -3px !important;padding-top: 0px !important;padding-bottom: 0px !important;}\u00a0\u00bb][vc_column][vc_separator css=\u00a0\u00bb.vc_custom_1617360254986{margin-bottom: 1px !important;}\u00a0\u00bb][\/vc_column][\/vc_row][vc_row ts_responsive_css=\u00a0\u00bb24218844|colbreak_no|||||80||65||colbreak_no|||||||||colbreak_no|||||60||10|||colbreak_no|||||||||\u00a0\u00bb css=\u00a0\u00bb.vc_custom_1655668913588{padding-top: 100px !important;padding-bottom: 25px !important;}\u00a0\u00bb el_id=\u00a0\u00bbsoins\u00a0\u00bb][vc_column]<div class=\"ts-element-heading-wrapper ts-heading-inner ts-element-align-center ts-seperator-none  vc_custom_1655048580534\"><section class=\"ts-vc_cta3-container\"><div class=\"ts-vc_general ts-vc_cta3 ts-cta3-only ts-vc_cta3-style-classic ts-vc_cta3-shape-rounded ts-vc_cta3-align-center ts-vc_cta3-color-transparent ts-vc_cta3-icon-size-md ts-vc_cta3-actions-no ts-cta3-without-desc\"><div class=\"ts-vc_cta3_content-container\"><div class=\"ts-vc_cta3-content\"><div class=\"ts-vc_cta3-content-header ts-wrap\"><div class=\"ts-vc_cta3-headers ts-wrap-cell\"><h4 class=\"ts-custom-heading \" >NOS SOINS ET SERVICES<\/h4>\n<h2 class=\"ts-custom-heading \" >Nous vous accompagnons dans vos soins<\/h2>\n<\/div><\/div><\/div><\/div><\/div><\/section><\/div> <!-- .ts-element-heading-wrapper container --> [\/vc_column][\/vc_row][vc_row full_width=\u00a0\u00bbstretch_row\u00a0\u00bb gap=\u00a0\u00bb35&Prime; equal_height=\u00a0\u00bbyes\u00a0\u00bb ts_responsive_css=\u00a0\u00bb24218844|colbreak_no|||||80||65||colbreak_no|||||||||colbreak_no|||||60||10|||colbreak_no|||||||||\u00a0\u00bb css=\u00a0\u00bb.vc_custom_1657828845383{padding-top: 25px !important;padding-bottom: 80px !important;}\u00a0\u00bb el_class=\u00a0\u00bbservices-list\u00a0\u00bb][vc_column width=\u00a0\u00bb1\/3&Prime;][vc_row_inner css=\u00a0\u00bb.vc_custom_1655670128670{padding-right: 10px !important;padding-left: 10px !important;}\u00a0\u00bb ts_responsive_css=\u00a0\u00bb90193464|colbreak_no|||||||||colbreak_no|||||||||colbreak_no|50px|||||||||colbreak_no|||||||||\u00a0\u00bb][vc_column_inner el_class=\u00a0\u00bbcol-shadow\u00a0\u00bb css=\u00a0\u00bb.vc_custom_1655051559142{padding-right: 25px !important;padding-left: 25px !important;}\u00a0\u00bb][vc_single_image image=\u00a0\u00bb29785&Prime; img_size=\u00a0\u00bb1708&#215;1280&Prime; alignment=\u00a0\u00bbcenter\u00a0\u00bb css=\u00a0\u00bb.vc_custom_1659621260842{margin-top: -50px !important;margin-bottom: 10px !important;}\u00a0\u00bb]<div class=\"ts-element-heading-wrapper ts-heading-inner ts-element-align-left ts-seperator-none  vc_custom_1655051977348\"><section class=\"ts-vc_cta3-container\"><div class=\"ts-vc_general ts-vc_cta3 ts-cta3-only ts-vc_cta3-style-classic ts-vc_cta3-shape-rounded ts-vc_cta3-align-left ts-vc_cta3-color-transparent ts-vc_cta3-icon-size-md ts-vc_cta3-actions-no ts-cta3-without-desc\"><div class=\"ts-vc_cta3_content-container\"><div class=\"ts-vc_cta3-content\"><div class=\"ts-vc_cta3-content-header ts-wrap\"><div class=\"ts-vc_cta3-headers ts-wrap-cell\"><h3 style=\"font-size:24px;line-height:28px;\" class=\"ts-custom-heading \" >Consultations<\/h3>\n<\/div><\/div><\/div><\/div><\/div><\/section><\/div> <!-- .ts-element-heading-wrapper container --> [vc_column_text]Le cabinet AZ Ophtalmologie vous accueille sur rendez-vous \u00e0 Gen\u00e8ve pour traiter les maladies des yeux n\u00e9cessitant un traitement m\u00e9dical, chirurgical ou au laser.[\/vc_column_text]\r\n\t\t<div class=\"ts-vc_btn3-container ts-vc_btn3-center\"><a class=\"ts-vc_general ts-vc_btn3 ts-vc_btn3-size-md ts-vc_btn3-shape-rounded ts-vc_btn3-style-flat ts-vc_btn3-weight-yes ts-vc_btn3-block ts-vc_btn3-icon-left ts-vc_btn3-color-skincolor\" href=\"\/fr\/consultations\/\" title=\"Consultations\"><i class=\"ts-vc_btn3-icon tsoptmicon flaticon-ophthalmologist-1\"><\/i> En savoir plus<\/a><\/div>[\/vc_column_inner][\/vc_row_inner][\/vc_column][vc_column width=\u00a0\u00bb1\/3&Prime;][vc_row_inner css=\u00a0\u00bb.vc_custom_1655670137567{padding-right: 10px !important;padding-left: 10px !important;}\u00a0\u00bb ts_responsive_css=\u00a0\u00bb89012278|colbreak_no|||||||||colbreak_no|||||||||colbreak_no|50px|||||||||colbreak_no|||||||||\u00a0\u00bb][vc_column_inner el_class=\u00a0\u00bbcol-shadow\u00a0\u00bb css=\u00a0\u00bb.vc_custom_1655051559142{padding-right: 25px !important;padding-left: 25px !important;}\u00a0\u00bb][vc_single_image image=\u00a0\u00bb29721&Prime; img_size=\u00a0\u00bb1708&#215;1280&Prime; alignment=\u00a0\u00bbcenter\u00a0\u00bb css=\u00a0\u00bb.vc_custom_1657830746300{margin-top: -50px !important;margin-bottom: 10px !important;}\u00a0\u00bb]<div class=\"ts-element-heading-wrapper ts-heading-inner ts-element-align-left ts-seperator-none  vc_custom_1655053415061\"><section class=\"ts-vc_cta3-container\"><div class=\"ts-vc_general ts-vc_cta3 ts-cta3-only ts-vc_cta3-style-classic ts-vc_cta3-shape-rounded ts-vc_cta3-align-left ts-vc_cta3-color-transparent ts-vc_cta3-icon-size-md ts-vc_cta3-actions-no ts-cta3-without-desc\"><div class=\"ts-vc_cta3_content-container\"><div class=\"ts-vc_cta3-content\"><div class=\"ts-vc_cta3-content-header ts-wrap\"><div class=\"ts-vc_cta3-headers ts-wrap-cell\"><h3 style=\"font-size:24px;line-height:28px;\" class=\"ts-custom-heading \" >Chirurgie<\/h3>\n<\/div><\/div><\/div><\/div><\/div><\/section><\/div> <!-- .ts-element-heading-wrapper container --> [vc_column_text]Docteur Abouzeid pratique les interventions chirurgicales courantes du segment ant\u00e9rieur de l\u2019\u0153il gr\u00e2ce \u00e0 des \u00e9quipements de pointe pour le traitement de votre vue.[\/vc_column_text]\r\n\t\t<div class=\"ts-vc_btn3-container ts-vc_btn3-center\"><a class=\"ts-vc_general ts-vc_btn3 ts-vc_btn3-size-md ts-vc_btn3-shape-rounded ts-vc_btn3-style-flat ts-vc_btn3-weight-yes ts-vc_btn3-block ts-vc_btn3-icon-left ts-vc_btn3-color-skincolor\" href=\"\/fr\/chirurgie\/\" title=\"Chirurgie\"><i class=\"ts-vc_btn3-icon tsoptmicon flaticon-optometrist\"><\/i> En savoir plus<\/a><\/div>[\/vc_column_inner][\/vc_row_inner][\/vc_column][vc_column width=\u00a0\u00bb1\/3&Prime;][vc_row_inner css=\u00a0\u00bb.vc_custom_1655670146854{padding-right: 10px !important;padding-left: 10px !important;}\u00a0\u00bb ts_responsive_css=\u00a0\u00bb99667338|colbreak_no|||||||||colbreak_no|||||||||colbreak_no|50px|||||||||colbreak_no|||||||||\u00a0\u00bb][vc_column_inner el_class=\u00a0\u00bbcol-shadow\u00a0\u00bb css=\u00a0\u00bb.vc_custom_1655051559142{padding-right: 25px !important;padding-left: 25px !important;}\u00a0\u00bb][vc_single_image image=\u00a0\u00bb29771&Prime; img_size=\u00a0\u00bb854&#215;640&Prime; alignment=\u00a0\u00bbcenter\u00a0\u00bb css=\u00a0\u00bb.vc_custom_1658915866448{margin-top: -50px !important;margin-bottom: 10px !important;}\u00a0\u00bb]<div class=\"ts-element-heading-wrapper ts-heading-inner ts-element-align-left ts-seperator-none  vc_custom_1655652127971\"><section class=\"ts-vc_cta3-container\"><div class=\"ts-vc_general ts-vc_cta3 ts-cta3-only ts-vc_cta3-style-classic ts-vc_cta3-shape-rounded ts-vc_cta3-align-left ts-vc_cta3-color-transparent ts-vc_cta3-icon-size-md ts-vc_cta3-actions-no ts-cta3-without-desc\"><div class=\"ts-vc_cta3_content-container\"><div class=\"ts-vc_cta3-content\"><div class=\"ts-vc_cta3-content-header ts-wrap\"><div class=\"ts-vc_cta3-headers ts-wrap-cell\"><h3 style=\"font-size:24px;line-height:28px;\" class=\"ts-custom-heading \" >Pathologies<\/h3>\n<\/div><\/div><\/div><\/div><\/div><\/section><\/div> <!-- .ts-element-heading-wrapper container --> [vc_column_text]D\u00e9couvrez ici les diff\u00e9rentes pathologies de l&rsquo;oeil trait\u00e9es par le cabinet AZ Ophtalmologie et les explications concernant les traitements propos\u00e9s.[\/vc_column_text]\r\n\t\t<div class=\"ts-vc_btn3-container ts-vc_btn3-center\"><a class=\"ts-vc_general ts-vc_btn3 ts-vc_btn3-size-md ts-vc_btn3-shape-rounded ts-vc_btn3-style-flat ts-vc_btn3-weight-yes ts-vc_btn3-block ts-vc_btn3-icon-left ts-vc_btn3-color-skincolor\" href=\"\/fr\/pathologies\/\" title=\"Pathologies de l\u2019oeil\"><i class=\"ts-vc_btn3-icon tsoptmicon flaticon-hyperopia\"><\/i> En savoir plus<\/a><\/div>[\/vc_column_inner][\/vc_row_inner][\/vc_column][\/vc_row][vc_row ts_bgcolor=\u00a0\u00bbgrey\u00a0\u00bb full_width=\u00a0\u00bbstretch_row\u00a0\u00bb disable_element=\u00a0\u00bbyes\u00a0\u00bb][vc_column]<div class=\"ts-element-heading-wrapper ts-heading-inner ts-element-align-center ts-seperator-none  vc_custom_1655669834232\"><section class=\"ts-vc_cta3-container\"><div class=\"ts-vc_general ts-vc_cta3 ts-cta3-only ts-vc_cta3-style-classic ts-vc_cta3-shape-rounded ts-vc_cta3-align-center ts-vc_cta3-color-transparent ts-vc_cta3-icon-size-md ts-vc_cta3-actions-no ts-cta3-without-desc\"><div class=\"ts-vc_cta3_content-container\"><div class=\"ts-vc_cta3-content\"><div class=\"ts-vc_cta3-content-header ts-wrap\"><div class=\"ts-vc_cta3-headers ts-wrap-cell\"><h4 class=\"ts-custom-heading \" >AVIS PATIENTS<\/h4>\n<h2 class=\"ts-custom-heading \" >Nos patients sont satisfaits de nos soins<\/h2>\n<\/div><\/div><\/div><\/div><\/div><\/section><\/div> <!-- .ts-element-heading-wrapper container --> [vc_column_text][trustindex no-registration=google][\/vc_column_text][vc_row_inner][vc_column_inner width=\u00a0\u00bb1\/4&Prime;][\/vc_column_inner][vc_column_inner width=\u00a0\u00bb1\/4&Prime;]\r\n\t\t<div class=\"ts-vc_btn3-container ts-vc_btn3-center\"><a class=\"ts-vc_general ts-vc_btn3 ts-vc_btn3-size-md ts-vc_btn3-shape-rounded ts-vc_btn3-style-flat ts-vc_btn3-weight-yes ts-vc_btn3-block ts-vc_btn3-icon-right ts-vc_btn3-color-default\" href=\"https:\/\/www.google.com\/maps\/place\/AZ+Ophtalmologie+Dr+Hana+Abou+Zeid\/@46.2035594,6.1470045,17z\/data=!4m7!3m6!1s0x478c652ef5ca2539:0x223520b4b797877c!8m2!3d46.2035594!4d6.1491932!9m1!1b1\" title=\"Avis Google - AZ Ophtalmologie\" target=\"_blank\">Tous les avis <i class=\"ts-vc_btn3-icon themifyicon ti-angle-double-right\"><\/i><\/a><\/div>[\/vc_column_inner][vc_column_inner width=\u00a0\u00bb1\/4&Prime;]\r\n\t\t<div class=\"ts-vc_btn3-container ts-vc_btn3-center\"><a class=\"ts-vc_general ts-vc_btn3 ts-vc_btn3-size-md ts-vc_btn3-shape-rounded ts-vc_btn3-style-flat ts-vc_btn3-weight-yes ts-vc_btn3-block ts-vc_btn3-icon-right ts-vc_btn3-color-skincolor\" href=\"https:\/\/g.page\/r\/CXyHl7e0IDUiEAg\/review\" title=\"Laisser un avis\" target=\"_blank\">Laisser un avis <i class=\"ts-vc_btn3-icon themifyicon ti-angle-double-right\"><\/i><\/a><\/div>[\/vc_column_inner][vc_column_inner width=\u00a0\u00bb1\/4&Prime;][\/vc_column_inner][\/vc_row_inner][\/vc_column][\/vc_row]<\/p>\n","protected":false},"excerpt":{"rendered":"<p>[vc_row ts_responsive_css=\u00a0\u00bb59331692|colbreak_no|||||80px||80px||colbreak_no|||||||||colbreak_no|||||60px||50px|||colbreak_no|||||||||\u00a0\u00bb][vc_column width=\u00a0\u00bb5\/12&Prime; css=\u00a0\u00bb.vc_custom_1659625230338{padding-right: 50px !important;}\u00a0\u00bb ts_responsive_css=\u00a0\u00bb56245106|colbreak_no|||||||||colbreak_no||||||0px|||colbreak_no||||||||||colbreak_no|||||||||\u00a0\u00bb el_class=\u00a0\u00bbaz-home-quote\u00a0\u00bb][vc_column_text css=\u00a0\u00bb.vc_custom_1657528198241{margin-top: -20px !important;}\u00a0\u00bb] \u201cJ\u2019ai fond\u00e9 le cabinet AZ Ophtalmologie pour apporter \u00e0 chaque patient des soins de pointe pour sa qualit\u00e9 de vision, et donc de vie. Chaque patient me confie ses yeux, un tr\u00e9sor unique, je me dois d\u2019\u00eatre \u00e0 la hauteur de sa confiance.\u201d [\/vc_column_text][vc_row_inner &hellip; <a href=\"https:\/\/azophtalmologie.com\/fr\/\" class=\"more-link\">Continue reading <span class=\"screen-reader-text\">AZ Ophtalmologie<\/span><\/a><\/p>\n","protected":false},"author":1,"featured_media":0,"parent":0,"menu_order":4,"comment_status":"closed","ping_status":"closed","template":"","meta":[],"yoast_head":"<!-- This site is optimized with the Yoast SEO plugin v20.0 - https:\/\/yoast.com\/wordpress\/plugins\/seo\/ -->\n<title>AZ Ophtalmologie - Centre de M\u00e9decine et de Chirurgie de l&#039;oeil<\/title>\n<meta name=\"description\" content=\"AZ Ophtalmologie propose les meilleurs soins ophtalmologiques \u00e0 Gen\u00e8ve, \u00e0 la pointe des connaissances actuelles pour les maladies de l&#039;oeil.\" \/>\n<meta name=\"robots\" content=\"index, follow, max-snippet:-1, max-image-preview:large, max-video-preview:-1\" \/>\n<link rel=\"canonical\" href=\"https:\/\/azophtalmologie.com\/fr\/\" \/>\n<meta property=\"og:locale\" content=\"fr_FR\" \/>\n<meta property=\"og:type\" content=\"article\" \/>\n<meta property=\"og:title\" content=\"AZ Ophtalmologie - Centre de M\u00e9decine et de Chirurgie de l&#039;oeil\" \/>\n<meta property=\"og:description\" content=\"AZ Ophtalmologie propose les meilleurs soins ophtalmologiques \u00e0 Gen\u00e8ve, \u00e0 la pointe des connaissances actuelles pour les maladies de l&#039;oeil.\" \/>\n<meta property=\"og:url\" content=\"https:\/\/azophtalmologie.com\/fr\/\" \/>\n<meta property=\"og:site_name\" content=\"AZ Ophtalmologie\" \/>\n<meta property=\"article:modified_time\" content=\"2022-11-14T16:04:18+00:00\" \/>\n<meta name=\"twitter:card\" content=\"summary_large_image\" \/>\n<meta name=\"twitter:label1\" content=\"Dur\u00e9e de lecture estim\u00e9e\" \/>\n\t<meta name=\"twitter:data1\" content=\"3 minutes\" \/>\n<script type=\"application\/ld+json\" class=\"yoast-schema-graph\">{\"@context\":\"https:\/\/schema.org\",\"@graph\":[{\"@type\":\"WebPage\",\"@id\":\"https:\/\/azophtalmologie.com\/fr\/\",\"url\":\"https:\/\/azophtalmologie.com\/fr\/\",\"name\":\"AZ Ophtalmologie - Centre de M\u00e9decine et de Chirurgie de l'oeil\",\"isPartOf\":{\"@id\":\"https:\/\/azophtalmologie.com\/fr\/#website\"},\"datePublished\":\"2021-04-21T06:32:01+00:00\",\"dateModified\":\"2022-11-14T16:04:18+00:00\",\"description\":\"AZ Ophtalmologie propose les meilleurs soins ophtalmologiques \u00e0 Gen\u00e8ve, \u00e0 la pointe des connaissances actuelles pour les maladies de l'oeil.\",\"breadcrumb\":{\"@id\":\"https:\/\/azophtalmologie.com\/fr\/#breadcrumb\"},\"inLanguage\":\"fr-FR\",\"potentialAction\":[{\"@type\":\"ReadAction\",\"target\":[\"https:\/\/azophtalmologie.com\/fr\/\"]}]},{\"@type\":\"BreadcrumbList\",\"@id\":\"https:\/\/azophtalmologie.com\/fr\/#breadcrumb\",\"itemListElement\":[{\"@type\":\"ListItem\",\"position\":1,\"name\":\"Accueil\",\"item\":\"https:\/\/azophtalmologie.com\/fr\/\"},{\"@type\":\"ListItem\",\"position\":2,\"name\":\"AZ Ophtalmologie\"}]},{\"@type\":\"WebSite\",\"@id\":\"https:\/\/azophtalmologie.com\/fr\/#website\",\"url\":\"https:\/\/azophtalmologie.com\/fr\/\",\"name\":\"AZ Ophtalmologie\",\"description\":\"Soins de pointe pour votre vue \u00e0 Gen\u00e8ve\",\"publisher\":{\"@id\":\"https:\/\/azophtalmologie.com\/fr\/#organization\"},\"potentialAction\":[{\"@type\":\"SearchAction\",\"target\":{\"@type\":\"EntryPoint\",\"urlTemplate\":\"https:\/\/azophtalmologie.com\/fr\/?s={search_term_string}\"},\"query-input\":\"required name=search_term_string\"}],\"inLanguage\":\"fr-FR\"},{\"@type\":\"Organization\",\"@id\":\"https:\/\/azophtalmologie.com\/fr\/#organization\",\"name\":\"AZ Ophtalmologie\",\"url\":\"https:\/\/azophtalmologie.com\/fr\/\",\"logo\":{\"@type\":\"ImageObject\",\"inLanguage\":\"fr-FR\",\"@id\":\"https:\/\/azophtalmologie.com\/fr\/#\/schema\/logo\/image\/\",\"url\":\"https:\/\/azophtalmologie.com\/wp-content\/uploads\/2022\/06\/Logo-AZ-OPHTALMOLOGIE-S.png\",\"contentUrl\":\"https:\/\/azophtalmologie.com\/wp-content\/uploads\/2022\/06\/Logo-AZ-OPHTALMOLOGIE-S.png\",\"width\":2020,\"height\":538,\"caption\":\"AZ Ophtalmologie\"},\"image\":{\"@id\":\"https:\/\/azophtalmologie.com\/fr\/#\/schema\/logo\/image\/\"}}]}<\/script>\n<!-- \/ Yoast SEO plugin. -->","yoast_head_json":{"title":"AZ Ophtalmologie - Centre de M\u00e9decine et de Chirurgie de l'oeil","description":"AZ Ophtalmologie propose les meilleurs soins ophtalmologiques \u00e0 Gen\u00e8ve, \u00e0 la pointe des connaissances actuelles pour les maladies de l'oeil.","robots":{"index":"index","follow":"follow","max-snippet":"max-snippet:-1","max-image-preview":"max-image-preview:large","max-video-preview":"max-video-preview:-1"},"canonical":"https:\/\/azophtalmologie.com\/fr\/","og_locale":"fr_FR","og_type":"article","og_title":"AZ Ophtalmologie - Centre de M\u00e9decine et de Chirurgie de l'oeil","og_description":"AZ Ophtalmologie propose les meilleurs soins ophtalmologiques \u00e0 Gen\u00e8ve, \u00e0 la pointe des connaissances actuelles pour les maladies de l'oeil.","og_url":"https:\/\/azophtalmologie.com\/fr\/","og_site_name":"AZ Ophtalmologie","article_modified_time":"2022-11-14T16:04:18+00:00","twitter_card":"summary_large_image","twitter_misc":{"Dur\u00e9e de lecture estim\u00e9e":"3 minutes"},"schema":{"@context":"https:\/\/schema.org","@graph":[{"@type":"WebPage","@id":"https:\/\/azophtalmologie.com\/fr\/","url":"https:\/\/azophtalmologie.com\/fr\/","name":"AZ Ophtalmologie - Centre de M\u00e9decine et de Chirurgie de l'oeil","isPartOf":{"@id":"https:\/\/azophtalmologie.com\/fr\/#website"},"datePublished":"2021-04-21T06:32:01+00:00","dateModified":"2022-11-14T16:04:18+00:00","description":"AZ Ophtalmologie propose les meilleurs soins ophtalmologiques \u00e0 Gen\u00e8ve, \u00e0 la pointe des connaissances actuelles pour les maladies de l'oeil.","breadcrumb":{"@id":"https:\/\/azophtalmologie.com\/fr\/#breadcrumb"},"inLanguage":"fr-FR","potentialAction":[{"@type":"ReadAction","target":["https:\/\/azophtalmologie.com\/fr\/"]}]},{"@type":"BreadcrumbList","@id":"https:\/\/azophtalmologie.com\/fr\/#breadcrumb","itemListElement":[{"@type":"ListItem","position":1,"name":"Accueil","item":"https:\/\/azophtalmologie.com\/fr\/"},{"@type":"ListItem","position":2,"name":"AZ Ophtalmologie"}]},{"@type":"WebSite","@id":"https:\/\/azophtalmologie.com\/fr\/#website","url":"https:\/\/azophtalmologie.com\/fr\/","name":"AZ Ophtalmologie","description":"Soins de pointe pour votre vue \u00e0 Gen\u00e8ve","publisher":{"@id":"https:\/\/azophtalmologie.com\/fr\/#organization"},"potentialAction":[{"@type":"SearchAction","target":{"@type":"EntryPoint","urlTemplate":"https:\/\/azophtalmologie.com\/fr\/?s={search_term_string}"},"query-input":"required name=search_term_string"}],"inLanguage":"fr-FR"},{"@type":"Organization","@id":"https:\/\/azophtalmologie.com\/fr\/#organization","name":"AZ Ophtalmologie","url":"https:\/\/azophtalmologie.com\/fr\/","logo":{"@type":"ImageObject","inLanguage":"fr-FR","@id":"https:\/\/azophtalmologie.com\/fr\/#\/schema\/logo\/image\/","url":"https:\/\/azophtalmologie.com\/wp-content\/uploads\/2022\/06\/Logo-AZ-OPHTALMOLOGIE-S.png","contentUrl":"https:\/\/azophtalmologie.com\/wp-content\/uploads\/2022\/06\/Logo-AZ-OPHTALMOLOGIE-S.png","width":2020,"height":538,"caption":"AZ Ophtalmologie"},"image":{"@id":"https:\/\/azophtalmologie.com\/fr\/#\/schema\/logo\/image\/"}}]}},"_links":{"self":[{"href":"https:\/\/azophtalmologie.com\/fr\/wp-json\/wp\/v2\/pages\/5441"}],"collection":[{"href":"https:\/\/azophtalmologie.com\/fr\/wp-json\/wp\/v2\/pages"}],"about":[{"href":"https:\/\/azophtalmologie.com\/fr\/wp-json\/wp\/v2\/types\/page"}],"author":[{"embeddable":true,"href":"https:\/\/azophtalmologie.com\/fr\/wp-json\/wp\/v2\/users\/1"}],"replies":[{"embeddable":true,"href":"https:\/\/azophtalmologie.com\/fr\/wp-json\/wp\/v2\/comments?post=5441"}],"version-history":[{"count":152,"href":"https:\/\/azophtalmologie.com\/fr\/wp-json\/wp\/v2\/pages\/5441\/revisions"}],"predecessor-version":[{"id":29954,"href":"https:\/\/azophtalmologie.com\/fr\/wp-json\/wp\/v2\/pages\/5441\/revisions\/29954"}],"wp:attachment":[{"href":"https:\/\/azophtalmologie.com\/fr\/wp-json\/wp\/v2\/media?parent=5441"}],"curies":[{"name":"wp","href":"https:\/\/api.w.org\/{rel}","templated":true}]}}