{"id":45,"date":"2017-02-16T09:17:12","date_gmt":"2017-02-16T08:17:12","guid":{"rendered":"http:\/\/mxajfmgl.preview.infomaniak.website\/?page_id=45"},"modified":"2022-12-07T22:28:00","modified_gmt":"2022-12-07T21:28:00","slug":"contact","status":"publish","type":"page","link":"https:\/\/azophtalmologie.com\/fr\/contact\/","title":{"rendered":"Contactez-nous"},"content":{"rendered":"<p>[vc_row equal_height=\u00a0\u00bbyes\u00a0\u00bb content_placement=\u00a0\u00bbmiddle\u00a0\u00bb][vc_column reduce_extra_padding=\u00a0\u00bb991&Prime; width=\u00a0\u00bb1\/2&Prime; css=\u00a0\u00bb.vc_custom_1670448139263{border-top-width: 0px !important;border-right-width: 1px !important;border-bottom-width: 0px !important;border-left-width: 0px !important;padding-right: 40px !important;border-left-color: #777777 !important;border-left-style: solid !important;border-right-color: #777777 !important;border-right-style: solid !important;border-top-color: #777777 !important;border-top-style: solid !important;border-bottom-color: #777777 !important;border-bottom-style: solid !important;}\u00a0\u00bb ts_responsive_css=\u00a0\u00bb96029065|colbreak_no|||||||||colbreak_no|||||||||colbreak_no|||||0|5%|0|5%||colbreak_no|||||||||\u00a0\u00bb][vc_column_text]<\/p>\n<h2><span style=\"color: #0a3380;\">Pour prendre rendez-vous dans notre cabinet situ\u00e9 Avenue de Champel 32, \u00e0 Gen\u00e8ve<\/span><\/h2>\n<p>[\/vc_column_text]<div class=\"wpforms-container wpforms-container-full\" id=\"wpforms-29137\"><form id=\"wpforms-form-29137\" class=\"wpforms-validate wpforms-form wpforms-ajax-form\" data-formid=\"29137\" method=\"post\" enctype=\"multipart\/form-data\" action=\"\/fr\/wp-json\/wp\/v2\/pages\/45\" data-token=\"bd2dde7b248683bca7e64362204e5b0e\"><noscript class=\"wpforms-error-noscript\">Veuillez activer JavaScript dans votre navigateur pour remplir ce formulaire.<\/noscript><div class=\"wpforms-field-container\"><div id=\"wpforms-29137-field_1-container\" class=\"wpforms-field wpforms-field-name\" data-field-id=\"1\"><label class=\"wpforms-field-label\" for=\"wpforms-29137-field_1\">Votre <span class=\"wpforms-required-label\">*<\/span><\/label><div class=\"wpforms-field-row wpforms-field-large\"><div class=\"wpforms-field-row-block wpforms-first wpforms-one-half\"><input type=\"text\" id=\"wpforms-29137-field_1\" class=\"wpforms-field-name-first wpforms-field-required\" name=\"wpforms[fields][1][first]\" placeholder=\"Pr\u00e9nom\" required><label for=\"wpforms-29137-field_1\" class=\"wpforms-field-sublabel after wpforms-sublabel-hide\">Pr\u00e9nom<\/label><\/div><div class=\"wpforms-field-row-block wpforms-one-half\"><input type=\"text\" id=\"wpforms-29137-field_1-last\" class=\"wpforms-field-name-last wpforms-field-required\" name=\"wpforms[fields][1][last]\" placeholder=\"Nom\" required><label for=\"wpforms-29137-field_1-last\" class=\"wpforms-field-sublabel after wpforms-sublabel-hide\">Nom<\/label><\/div><\/div><\/div><div id=\"wpforms-29137-field_4-container\" class=\"wpforms-field wpforms-field-email\" data-field-id=\"4\"><label class=\"wpforms-field-label\" for=\"wpforms-29137-field_4\">Votre adresse E-mail <span class=\"wpforms-required-label\">*<\/span><\/label><input type=\"email\" id=\"wpforms-29137-field_4\" class=\"wpforms-field-large wpforms-field-required\" name=\"wpforms[fields][4]\" required><\/div><div id=\"wpforms-29137-field_5-container\" class=\"wpforms-field wpforms-field-text\" data-field-id=\"5\"><label class=\"wpforms-field-label\" for=\"wpforms-29137-field_5\">Votre num\u00e9ro de t\u00e9l\u00e9phone<\/label><input type=\"text\" id=\"wpforms-29137-field_5\" class=\"wpforms-field-large\" name=\"wpforms[fields][5]\" ><\/div><div id=\"wpforms-29137-field_2-container\" class=\"wpforms-field wpforms-field-select wpforms-field-select-style-modern\" data-field-id=\"2\"><label class=\"wpforms-field-label\" for=\"wpforms-29137-field_2\">Sujet de votre demande <span class=\"wpforms-required-label\">*<\/span><\/label><select id=\"wpforms-29137-field_2\" class=\"wpforms-field-large wpforms-field-required choicesjs-select\" data-size-class=\"wpforms-field-row wpforms-field-large\" data-search-enabled=\"\" name=\"wpforms[fields][2]\" required=\"required\"><option value=\"\" class=\"placeholder\" disabled  selected='selected'>S\u00e9lectionnez le sujet de votre demande<\/option><option value=\"Prise de rendez-vous\" >Prise de rendez-vous<\/option><option value=\"Renseignement\" >Renseignement<\/option><option value=\"Autre\" >Autre<\/option><\/select><\/div><div id=\"wpforms-29137-field_3-container\" class=\"wpforms-field wpforms-field-textarea\" data-field-id=\"3\"><label class=\"wpforms-field-label\" for=\"wpforms-29137-field_3\">Pr\u00e9cisez votre demande <span class=\"wpforms-required-label\">*<\/span><\/label><textarea id=\"wpforms-29137-field_3\" class=\"wpforms-field-medium wpforms-field-required\" name=\"wpforms[fields][3]\" required><\/textarea><div class=\"wpforms-field-description\">Merci de d\u00e9crire pr\u00e9cis\u00e9ment votre demande et son degr\u00e9 d'urgence.<\/div><\/div><\/div><input type=\"hidden\" name=\"wpforms[recaptcha]\" value=\"\"><div class=\"wpforms-submit-container\"><input type=\"hidden\" name=\"wpforms[id]\" value=\"29137\"><input type=\"hidden\" name=\"wpforms[author]\" value=\"1\"><button type=\"submit\" name=\"wpforms[submit]\" id=\"wpforms-submit-29137\" class=\"wpforms-submit\" data-alt-text=\"Envoi...\" data-submit-text=\"Envoyer\" aria-live=\"assertive\" value=\"wpforms-submit\">Envoyer<\/button><img src=\"https:\/\/azophtalmologie.com\/wp-content\/plugins\/wpforms-lite\/assets\/images\/submit-spin.svg\" class=\"wpforms-submit-spinner\" style=\"display: none;\" width=\"26\" height=\"26\" alt=\"Chargement en cours\"><\/div><\/form><\/div>  <!-- .wpforms-container -->[\/vc_column][vc_column ts_col_bg_expand=\u00a0\u00bbright\u00a0\u00bb width=\u00a0\u00bb1\/2&Prime; css=\u00a0\u00bb.vc_custom_1670448180837{padding-left: 40px !important;background-position: center !important;background-repeat: no-repeat !important;background-size: cover !important;}\u00a0\u00bb ts_responsive_css=\u00a0\u00bb40679630|colbreak_no|||||||||colbreak_no|||||||||colbreak_no|50px||||0|5%|0|5%||colbreak_no|||||||||\u00a0\u00bb][vc_column_text]<\/p>\n<h2><span style=\"color: #0a3380;\">Pour prendre rendez-vous dans notre cabinet situ\u00e9 Rue Robert-C\u00e9ard 5, \u00e0 Gen\u00e8ve<\/span><\/h2>\n<p>[\/vc_column_text]\r\n\t\t<div class=\"ts-vc_btn3-container ts-vc_btn3-center vc_custom_1670447975146\"><a class=\"ts-vc_general ts-vc_btn3 ts-vc_btn3-size-md ts-vc_btn3-shape-rounded ts-vc_btn3-style-flat ts-vc_btn3-weight-yes ts-vc_btn3-color-skincolor\" href=\"https:\/\/www.onedoc.ch\/fr\/ophtalmologue\/geneve\/pcl85\/az-ophtalmologie\" title=\"\" target=\"_blank\">Prendre rendez-vous<\/a><\/div>[vc_single_image image=\u00a0\u00bb29366&Prime; img_size=\u00a0\u00bbfull\u00a0\u00bb css=\u00a0\u00bb.vc_custom_1670448351040{margin-top: 50px !important;}\u00a0\u00bb el_class=\u00a0\u00bbnomobile\u00a0\u00bb][\/vc_column][\/vc_row][vc_row el_class=\u00a0\u00bbacces\u00a0\u00bb][vc_column width=\u00a0\u00bb1\/3&Prime;][vc_row_inner][vc_column_inner width=\u00a0\u00bb1\/4&Prime;][vc_icon icon_fontawesome=\u00a0\u00bbfas fa-bus-alt\u00a0\u00bb color=\u00a0\u00bbcustom\u00a0\u00bb size=\u00a0\u00bbxl\u00a0\u00bb align=\u00a0\u00bbcenter\u00a0\u00bb custom_color=\u00a0\u00bb#0a3380&Prime;][\/vc_column_inner][vc_column_inner width=\u00a0\u00bb3\/4&Prime;][vc_column_text]<\/p>\n<h3>BUS<\/h3>\n<p>[\/vc_column_text][\/vc_column_inner][\/vc_row_inner][vc_row_inner][vc_column_inner][vc_column_text]<\/p>\n<ul>\n<li>Bus 2,7,10,36 Arr\u00eat Molard<\/li>\n<li>Bus 2,6,7,8,9,10,25 Arr\u00eat M\u00e9tropole<\/li>\n<li>Tram 12 ou 17 Arr\u00eat Molard<\/li>\n<\/ul>\n<p>[\/vc_column_text][\/vc_column_inner][\/vc_row_inner][\/vc_column][vc_column width=\u00a0\u00bb1\/3&Prime;][vc_row_inner][vc_column_inner width=\u00a0\u00bb1\/4&Prime;][vc_icon icon_fontawesome=\u00a0\u00bbfas fa-car\u00a0\u00bb color=\u00a0\u00bbcustom\u00a0\u00bb size=\u00a0\u00bbxl\u00a0\u00bb align=\u00a0\u00bbcenter\u00a0\u00bb custom_color=\u00a0\u00bb#0a3380&Prime;][\/vc_column_inner][vc_column_inner width=\u00a0\u00bb3\/4&Prime;][vc_column_text]<\/p>\n<h3>VOITURE<\/h3>\n<p>[\/vc_column_text][\/vc_column_inner][\/vc_row_inner][vc_row_inner][vc_column_inner][vc_column_text]Acc\u00e8s Voiture :<br \/>\nCentre-Ville, Rue du Rh\u00f4ne[\/vc_column_text][\/vc_column_inner][\/vc_row_inner][\/vc_column][vc_column width=\u00a0\u00bb1\/3&Prime;][vc_row_inner][vc_column_inner width=\u00a0\u00bb1\/4&Prime;][vc_icon icon_fontawesome=\u00a0\u00bbfas fa-parking\u00a0\u00bb color=\u00a0\u00bbcustom\u00a0\u00bb size=\u00a0\u00bbxl\u00a0\u00bb align=\u00a0\u00bbcenter\u00a0\u00bb custom_color=\u00a0\u00bb#0a3380&Prime;][\/vc_column_inner][vc_column_inner width=\u00a0\u00bb3\/4&Prime;][vc_column_text]<\/p>\n<h3>PARKING<\/h3>\n<p>[\/vc_column_text][\/vc_column_inner][\/vc_row_inner][vc_row_inner][vc_column_inner][vc_column_text]Parking du Mont-\u00adBlanc<br \/>\nSortie Molard[\/vc_column_text][\/vc_column_inner][\/vc_row_inner][\/vc_column][\/vc_row]<\/p>\n","protected":false},"excerpt":{"rendered":"<p>[vc_row equal_height=\u00a0\u00bbyes\u00a0\u00bb content_placement=\u00a0\u00bbmiddle\u00a0\u00bb][vc_column reduce_extra_padding=\u00a0\u00bb991&Prime; width=\u00a0\u00bb1\/2&Prime; css=\u00a0\u00bb.vc_custom_1670448139263{border-top-width: 0px !important;border-right-width: 1px !important;border-bottom-width: 0px !important;border-left-width: 0px !important;padding-right: 40px !important;border-left-color: #777777 !important;border-left-style: solid !important;border-right-color: #777777 !important;border-right-style: solid !important;border-top-color: #777777 !important;border-top-style: solid !important;border-bottom-color: #777777 !important;border-bottom-style: solid !important;}\u00a0\u00bb ts_responsive_css=\u00a0\u00bb96029065|colbreak_no|||||||||colbreak_no|||||||||colbreak_no|||||0|5%|0|5%||colbreak_no|||||||||\u00a0\u00bb][vc_column_text] Pour prendre rendez-vous dans notre cabinet situ\u00e9 Avenue de Champel 32, \u00e0 Gen\u00e8ve [\/vc_column_text][\/vc_column][vc_column ts_col_bg_expand=\u00a0\u00bbright\u00a0\u00bb width=\u00a0\u00bb1\/2&Prime; css=\u00a0\u00bb.vc_custom_1670448180837{padding-left: 40px !important;background-position: center !important;background-repeat: no-repeat &hellip; <a href=\"https:\/\/azophtalmologie.com\/fr\/contact\/\" class=\"more-link\">Continue reading <span class=\"screen-reader-text\">Contactez-nous<\/span><\/a><\/p>\n","protected":false},"author":1,"featured_media":0,"parent":0,"menu_order":0,"comment_status":"closed","ping_status":"closed","template":"","meta":[],"yoast_head":"<!-- This site is optimized with the Yoast SEO plugin v20.0 - https:\/\/yoast.com\/wordpress\/plugins\/seo\/ -->\n<title>Contactez-nous - AZ Ophtalmologie<\/title>\n<meta name=\"description\" content=\"Le cabinet AZ Ophtalmologie vous accueille du lundi au vendredi, de 08h30 \u00e0 17h00 \u00e0 Gen\u00e8ve avec les meilleurs soins pour vos yeux.\" \/>\n<meta name=\"robots\" content=\"index, follow, max-snippet:-1, max-image-preview:large, max-video-preview:-1\" \/>\n<link rel=\"canonical\" href=\"https:\/\/azophtalmologie.com\/fr\/contact\/\" \/>\n<meta property=\"og:locale\" content=\"fr_FR\" \/>\n<meta property=\"og:type\" content=\"article\" \/>\n<meta property=\"og:title\" content=\"Contactez-nous - AZ Ophtalmologie\" \/>\n<meta property=\"og:description\" content=\"Le cabinet AZ Ophtalmologie vous accueille du lundi au vendredi, de 08h30 \u00e0 17h00 \u00e0 Gen\u00e8ve avec les meilleurs soins pour vos yeux.\" \/>\n<meta property=\"og:url\" content=\"https:\/\/azophtalmologie.com\/fr\/contact\/\" \/>\n<meta property=\"og:site_name\" content=\"AZ Ophtalmologie\" \/>\n<meta property=\"article:modified_time\" content=\"2022-12-07T21:28:00+00:00\" \/>\n<meta name=\"twitter:card\" content=\"summary_large_image\" \/>\n<meta name=\"twitter:label1\" content=\"Dur\u00e9e de lecture estim\u00e9e\" \/>\n\t<meta name=\"twitter:data1\" content=\"1 minute\" \/>\n<script type=\"application\/ld+json\" class=\"yoast-schema-graph\">{\"@context\":\"https:\/\/schema.org\",\"@graph\":[{\"@type\":\"WebPage\",\"@id\":\"https:\/\/azophtalmologie.com\/fr\/contact\/\",\"url\":\"https:\/\/azophtalmologie.com\/fr\/contact\/\",\"name\":\"Contactez-nous - AZ Ophtalmologie\",\"isPartOf\":{\"@id\":\"https:\/\/azophtalmologie.com\/fr\/#website\"},\"datePublished\":\"2017-02-16T08:17:12+00:00\",\"dateModified\":\"2022-12-07T21:28:00+00:00\",\"description\":\"Le cabinet AZ Ophtalmologie vous accueille du lundi au vendredi, de 08h30 \u00e0 17h00 \u00e0 Gen\u00e8ve avec les meilleurs soins pour vos yeux.\",\"breadcrumb\":{\"@id\":\"https:\/\/azophtalmologie.com\/fr\/contact\/#breadcrumb\"},\"inLanguage\":\"fr-FR\",\"potentialAction\":[{\"@type\":\"ReadAction\",\"target\":[\"https:\/\/azophtalmologie.com\/fr\/contact\/\"]}]},{\"@type\":\"BreadcrumbList\",\"@id\":\"https:\/\/azophtalmologie.com\/fr\/contact\/#breadcrumb\",\"itemListElement\":[{\"@type\":\"ListItem\",\"position\":1,\"name\":\"Accueil\",\"item\":\"https:\/\/azophtalmologie.com\/fr\/\"},{\"@type\":\"ListItem\",\"position\":2,\"name\":\"Contactez-nous\"}]},{\"@type\":\"WebSite\",\"@id\":\"https:\/\/azophtalmologie.com\/fr\/#website\",\"url\":\"https:\/\/azophtalmologie.com\/fr\/\",\"name\":\"AZ Ophtalmologie\",\"description\":\"Soins de pointe pour votre vue \u00e0 Gen\u00e8ve\",\"publisher\":{\"@id\":\"https:\/\/azophtalmologie.com\/fr\/#organization\"},\"potentialAction\":[{\"@type\":\"SearchAction\",\"target\":{\"@type\":\"EntryPoint\",\"urlTemplate\":\"https:\/\/azophtalmologie.com\/fr\/?s={search_term_string}\"},\"query-input\":\"required name=search_term_string\"}],\"inLanguage\":\"fr-FR\"},{\"@type\":\"Organization\",\"@id\":\"https:\/\/azophtalmologie.com\/fr\/#organization\",\"name\":\"AZ Ophtalmologie\",\"url\":\"https:\/\/azophtalmologie.com\/fr\/\",\"logo\":{\"@type\":\"ImageObject\",\"inLanguage\":\"fr-FR\",\"@id\":\"https:\/\/azophtalmologie.com\/fr\/#\/schema\/logo\/image\/\",\"url\":\"https:\/\/azophtalmologie.com\/wp-content\/uploads\/2022\/06\/Logo-AZ-OPHTALMOLOGIE-S.png\",\"contentUrl\":\"https:\/\/azophtalmologie.com\/wp-content\/uploads\/2022\/06\/Logo-AZ-OPHTALMOLOGIE-S.png\",\"width\":2020,\"height\":538,\"caption\":\"AZ Ophtalmologie\"},\"image\":{\"@id\":\"https:\/\/azophtalmologie.com\/fr\/#\/schema\/logo\/image\/\"}}]}<\/script>\n<!-- \/ Yoast SEO plugin. -->","yoast_head_json":{"title":"Contactez-nous - AZ Ophtalmologie","description":"Le cabinet AZ Ophtalmologie vous accueille du lundi au vendredi, de 08h30 \u00e0 17h00 \u00e0 Gen\u00e8ve avec les meilleurs soins pour vos yeux.","robots":{"index":"index","follow":"follow","max-snippet":"max-snippet:-1","max-image-preview":"max-image-preview:large","max-video-preview":"max-video-preview:-1"},"canonical":"https:\/\/azophtalmologie.com\/fr\/contact\/","og_locale":"fr_FR","og_type":"article","og_title":"Contactez-nous - AZ Ophtalmologie","og_description":"Le cabinet AZ Ophtalmologie vous accueille du lundi au vendredi, de 08h30 \u00e0 17h00 \u00e0 Gen\u00e8ve avec les meilleurs soins pour vos yeux.","og_url":"https:\/\/azophtalmologie.com\/fr\/contact\/","og_site_name":"AZ Ophtalmologie","article_modified_time":"2022-12-07T21:28:00+00:00","twitter_card":"summary_large_image","twitter_misc":{"Dur\u00e9e de lecture estim\u00e9e":"1 minute"},"schema":{"@context":"https:\/\/schema.org","@graph":[{"@type":"WebPage","@id":"https:\/\/azophtalmologie.com\/fr\/contact\/","url":"https:\/\/azophtalmologie.com\/fr\/contact\/","name":"Contactez-nous - AZ Ophtalmologie","isPartOf":{"@id":"https:\/\/azophtalmologie.com\/fr\/#website"},"datePublished":"2017-02-16T08:17:12+00:00","dateModified":"2022-12-07T21:28:00+00:00","description":"Le cabinet AZ Ophtalmologie vous accueille du lundi au vendredi, de 08h30 \u00e0 17h00 \u00e0 Gen\u00e8ve avec les meilleurs soins pour vos yeux.","breadcrumb":{"@id":"https:\/\/azophtalmologie.com\/fr\/contact\/#breadcrumb"},"inLanguage":"fr-FR","potentialAction":[{"@type":"ReadAction","target":["https:\/\/azophtalmologie.com\/fr\/contact\/"]}]},{"@type":"BreadcrumbList","@id":"https:\/\/azophtalmologie.com\/fr\/contact\/#breadcrumb","itemListElement":[{"@type":"ListItem","position":1,"name":"Accueil","item":"https:\/\/azophtalmologie.com\/fr\/"},{"@type":"ListItem","position":2,"name":"Contactez-nous"}]},{"@type":"WebSite","@id":"https:\/\/azophtalmologie.com\/fr\/#website","url":"https:\/\/azophtalmologie.com\/fr\/","name":"AZ Ophtalmologie","description":"Soins de pointe pour votre vue \u00e0 Gen\u00e8ve","publisher":{"@id":"https:\/\/azophtalmologie.com\/fr\/#organization"},"potentialAction":[{"@type":"SearchAction","target":{"@type":"EntryPoint","urlTemplate":"https:\/\/azophtalmologie.com\/fr\/?s={search_term_string}"},"query-input":"required name=search_term_string"}],"inLanguage":"fr-FR"},{"@type":"Organization","@id":"https:\/\/azophtalmologie.com\/fr\/#organization","name":"AZ Ophtalmologie","url":"https:\/\/azophtalmologie.com\/fr\/","logo":{"@type":"ImageObject","inLanguage":"fr-FR","@id":"https:\/\/azophtalmologie.com\/fr\/#\/schema\/logo\/image\/","url":"https:\/\/azophtalmologie.com\/wp-content\/uploads\/2022\/06\/Logo-AZ-OPHTALMOLOGIE-S.png","contentUrl":"https:\/\/azophtalmologie.com\/wp-content\/uploads\/2022\/06\/Logo-AZ-OPHTALMOLOGIE-S.png","width":2020,"height":538,"caption":"AZ Ophtalmologie"},"image":{"@id":"https:\/\/azophtalmologie.com\/fr\/#\/schema\/logo\/image\/"}}]}},"_links":{"self":[{"href":"https:\/\/azophtalmologie.com\/fr\/wp-json\/wp\/v2\/pages\/45"}],"collection":[{"href":"https:\/\/azophtalmologie.com\/fr\/wp-json\/wp\/v2\/pages"}],"about":[{"href":"https:\/\/azophtalmologie.com\/fr\/wp-json\/wp\/v2\/types\/page"}],"author":[{"embeddable":true,"href":"https:\/\/azophtalmologie.com\/fr\/wp-json\/wp\/v2\/users\/1"}],"replies":[{"embeddable":true,"href":"https:\/\/azophtalmologie.com\/fr\/wp-json\/wp\/v2\/comments?post=45"}],"version-history":[{"count":47,"href":"https:\/\/azophtalmologie.com\/fr\/wp-json\/wp\/v2\/pages\/45\/revisions"}],"predecessor-version":[{"id":29134,"href":"https:\/\/azophtalmologie.com\/fr\/wp-json\/wp\/v2\/pages\/45\/revisions\/29134"}],"wp:attachment":[{"href":"https:\/\/azophtalmologie.com\/fr\/wp-json\/wp\/v2\/media?parent=45"}],"curies":[{"name":"wp","href":"https:\/\/api.w.org\/{rel}","templated":true}]}}