{"id":29488,"date":"2022-06-26T22:48:29","date_gmt":"2022-06-26T20:48:29","guid":{"rendered":"https:\/\/site2022.azophtalmologie.com\/?page_id=29488"},"modified":"2022-11-14T17:12:02","modified_gmt":"2022-11-14T16:12:02","slug":"pathologies","status":"publish","type":"page","link":"https:\/\/azophtalmologie.com\/fr\/pathologies\/","title":{"rendered":"Pathologies de l&rsquo;oeil"},"content":{"rendered":"<p>[vc_row css=\u00a0\u00bb.vc_custom_1656276703591{padding-bottom: 0px !important;}\u00a0\u00bb][vc_column][vc_column_text]<\/p>\n<h1>Quelques exemples de pathologies de l&rsquo;oeil trait\u00e9es chez AZ Ophtalmologie<\/h1>\n<p>[\/vc_column_text][\/vc_column][\/vc_row][vc_row el_class=\u00a0\u00bbpathologies\u00a0\u00bb css=\u00a0\u00bb.vc_custom_1656276965604{padding-top: 50px !important;padding-bottom: 0px !important;}\u00a0\u00bb][vc_column width=\u00a0\u00bb1\/2&Prime; el_id=\u00a0\u00bbglaucome\u00a0\u00bb][vc_column_text]<\/p>\n<h2><strong>Le glaucome<\/strong><\/h2>\n<p>Le glaucome est une pathologie entra\u00eenant une atteinte du nerf optique pouvant conduire \u00e0 une restriction du champ visuel s\u2019il n\u2019est pas d\u00e9pist\u00e9 rapidement.<\/p>\n<p>Il en existe deux formes\u00a0principales : le glaucome \u00e0 angle ouvert ou \u00e0 angle ferm\u00e9 (chronique ou aigu). G\u00e9n\u00e9ralement sans douleur, il ne se d\u00e9piste qu\u2019avec un examen ophtalmologique complet comprenant une mesure de la pression intraoculaire, un examen du fond d\u2019\u0153il, compl\u00e9t\u00e9 ou pas par un examen OCT et un champ visuel selon l\u2019appr\u00e9ciation du m\u00e9decin.<\/p>\n<p>L\u2019OCT (Tomographe \u00e0 Coh\u00e9rence Optique) est une technique d\u2019imagerie indolore, qui a pour but d\u2019examiner les diff\u00e9rentes couches de la r\u00e9tine. Il permet d\u2019observer des \u00e9ventuelles anomalies et d\u00e9gradations au niveau de la r\u00e9tine, du nerf optique ou de la corn\u00e9e. Le champ visuel contribue \u00e0 d\u00e9terminer les performances de chaque zone de la vision en venant stimuler les r\u00e9cepteurs de la r\u00e9tine.<\/p>\n<p>Cet examen, permet de diagnostiquer les dysfonctionnements de la voie visuelle ainsi que certaines pathologies comme le glaucome.[\/vc_column_text]<div id=\"twenty20-1\" class=\"twenty20\" style=\"width: 100% !important; clear: both;\"><div class=\"twentytwenty-container twenty20-1 \"><img class=\"skip-lazy\" src=\"https:\/\/azophtalmologie.com\/wp-content\/uploads\/2022\/07\/az-pathologie-oeil-sain.jpg\" \/><img class=\"skip-lazy\" src=\"https:\/\/azophtalmologie.com\/wp-content\/uploads\/2022\/07\/az-pathologie-glaucome.jpg\" \/><\/div><script>jQuery( document ).ready(function( $ ) {$(\".twentytwenty-container.twenty20-1[data-orientation!='vertical']\").twentytwenty({default_offset_pct: 0.5});$(\".twenty20-1 .twentytwenty-overlay\").hide();$(\".twenty20-1 .twentytwenty-overlay\").hide();});<\/script><\/div>[vc_column_text]<\/p>\n<h3>Traitement :<\/h3>\n<p>Le but est de diminuer la pression intraoculaire, soit par l\u2019instillation de gouttes oculaires, soit par une intervention laser ou chirurgicale.[\/vc_column_text][\/vc_column][vc_column width=\u00a0\u00bb1\/2&Prime; el_id=\u00a0\u00bbcataracte\u00a0\u00bb][vc_column_text]<\/p>\n<h2><strong>La cataracte\u00a0:<\/strong><\/h2>\n<p>La cataracte est une opacification du cristallin. Elle est souvent li\u00e9e au vieillissement naturel du cristallin, mais peut \u00e9galement faire suite \u00e0 un traumatisme, \u00e0 la prise de certains m\u00e9dicaments (par exemple cortisone), \u00e0 des pathologies g\u00e9n\u00e9rales ou oculaires, ou m\u00eame \u00eatre pr\u00e9sente \u00e0 la naissance. La cataracte cause une diminution de la vision (voile devant les yeux, sensation de brouillard). L\u2019\u00e9blouissement peut aussi \u00eatre constat\u00e9 dans certains cas, avec une conduite nocturne difficile.<\/p>\n<p>La biom\u00e9trie oculaire est un examen pr\u00e9op\u00e9ratoire indispensable avant une chirurgie de la cataracte\u00a0: elle prend des mesures de l\u2019\u0153il qui permettent ensuite de calculer la puissance de l\u2019implant intraoculaire, c\u2019est-\u00e0-dire de la lentille artificielle qui remplacera le cristallin lors de la chirurgie.<\/p>\n<p>Le Comptage endoth\u00e9lial permet de mesurer la forme et la densit\u00e9 des cellules qui tapissent la face interne de la corn\u00e9e, afin de d\u00e9terminer l\u2019\u00e9tat de la corn\u00e9e du patient avant, par exemple, une chirurgie de la cataracte ou de Lasik.<\/p>\n<p>La topographie de la corn\u00e9e permet d\u2019analyser l\u2019\u00e9paisseur et la courbure de la corn\u00e9e, cette membrane transparente sur partie ant\u00e9rieure de l\u2019\u0153il. C\u2019est un examen indispensable avant toute chirurgie r\u00e9fractive car il permet de d\u00e9pister une \u00e9ventuelle contr-indication.[\/vc_column_text]<div id=\"twenty20-2\" class=\"twenty20\" style=\"width: 100% !important; clear: both;\"><div class=\"twentytwenty-container twenty20-2 \"><img class=\"skip-lazy\" src=\"https:\/\/azophtalmologie.com\/wp-content\/uploads\/2022\/07\/az-pathologie-oeil-sain.jpg\" \/><img class=\"skip-lazy\" src=\"https:\/\/azophtalmologie.com\/wp-content\/uploads\/2022\/07\/az-pathologie-cataracte.jpg\" \/><\/div><script>jQuery( document ).ready(function( $ ) {$(\".twentytwenty-container.twenty20-2[data-orientation!='vertical']\").twentytwenty({default_offset_pct: 0.5});$(\".twenty20-2 .twentytwenty-overlay\").hide();$(\".twenty20-2 .twentytwenty-overlay\").hide();});<\/script><\/div>[vc_column_text]<\/p>\n<h3>Traitement\u00a0:<\/h3>\n<p>Uniquement chirurgicale, l\u2019op\u00e9ration consiste \u00e0 remplacer le cristallin par un implant intraoculaire.[\/vc_column_text][\/vc_column][\/vc_row][vc_row el_class=\u00a0\u00bbpathologies\u00a0\u00bb css=\u00a0\u00bb.vc_custom_1656276965604{padding-top: 50px !important;padding-bottom: 0px !important;}\u00a0\u00bb][vc_column width=\u00a0\u00bb1\/2&Prime; el_id=\u00a0\u00bbdmla\u00a0\u00bb][vc_column_text]<\/p>\n<h2><strong>D\u00e9g\u00e9n\u00e9rescence Maculaire Li\u00e9e \u00e0 l\u2019Age (DMLA)\u00a0:<\/strong><\/h2>\n<p>La d\u00e9g\u00e9n\u00e9rescence maculaire li\u00e9e \u00e0 l\u2019\u00e2ge est une maladie de la partie centrale de la r\u00e9tine, appel\u00e9e la macula, qui entra\u00eene une perte importante de la vision.<br \/>\nOn en retrouve deux types\u00a0: la DMLA humide et la DMLA s\u00e8che.<\/p>\n<p>La DMLA humide \u00e9volue rapidement et doit \u00eatre prise en charge au plus vite. Elle est due \u00e0 une prolif\u00e9ration de vaisseaux sanguins anormaux sous la r\u00e9tine qui peut provoquer des d\u00e9formations visuelles ainsi que qu\u2019une perte de vision.<br \/>\nLa DMLA s\u00e8che est la forme la plus fr\u00e9quente. Elle \u00e9volue lentement avec une atrophie des cellules de la r\u00e9tine conduisant \u00e0 une baisse progressive de la vision.[\/vc_column_text]<div id=\"twenty20-3\" class=\"twenty20\" style=\"width: 100% !important; clear: both;\"><div class=\"twentytwenty-container twenty20-3 \"><img class=\"skip-lazy\" src=\"https:\/\/azophtalmologie.com\/wp-content\/uploads\/2022\/07\/az-pathologie-oeil-sain.jpg\" \/><img class=\"skip-lazy\" src=\"https:\/\/azophtalmologie.com\/wp-content\/uploads\/2022\/07\/az-pathologie-maculaire.jpg\" \/><\/div><script>jQuery( document ).ready(function( $ ) {$(\".twentytwenty-container.twenty20-3[data-orientation!='vertical']\").twentytwenty({default_offset_pct: 0.5});$(\".twenty20-3 .twentytwenty-overlay\").hide();$(\".twenty20-3 .twentytwenty-overlay\").hide();});<\/script><\/div>[vc_column_text]<\/p>\n<h3>Traitements\u00a0:<\/h3>\n<p>DMLA Humide\u00a0: Des injections intra-oculaires pr\u00e9coces donnent des chances de conserver sa vue.<\/p>\n<p>DMLA S\u00e8che : Il n\u2019existe pas de traitement \u00e0 l\u2019heure actuelle, mais des compl\u00e9ments alimentaires peuvent avoir une incidence sur son \u00e9volution.[\/vc_column_text][\/vc_column][vc_column width=\u00a0\u00bb1\/2&Prime; el_id=\u00a0\u00bbretinopathie-diabetique\u00a0\u00bb][vc_column_text]<\/p>\n<h2><strong>R\u00e9tinopathie diab\u00e9tique :<\/strong><\/h2>\n<p>Le diab\u00e8te peut avoir une r\u00e9percussion sur la vision. Au niveau de la r\u00e9tine, une hyperglyc\u00e9mie peut provoquer une prolif\u00e9ration de vaisseaux anormaux ou une alt\u00e9ration des vaisseaux normaux, avec des \u0153d\u00e8mes intrar\u00e9tiniens, qui peuvent alt\u00e9rer la vision de mani\u00e8re consid\u00e9rable \u00e0 terme.<\/p>\n<p>La r\u00e9tinopathie diab\u00e9tique peut appara\u00eetre d\u2019embl\u00e9e ou apr\u00e8s de nombreuses ann\u00e9es, d\u2019o\u00f9 l\u2019importance de faire des contr\u00f4les r\u00e9guliers d\u00e8s qu\u2019un diab\u00e8te est diagnostiqu\u00e9. Une cataracte pr\u00e9coce est souvent observ\u00e9e \u00e9galement.[\/vc_column_text]<div id=\"twenty20-4\" class=\"twenty20\" style=\"width: 100% !important; clear: both;\"><div class=\"twentytwenty-container twenty20-4 \"><img class=\"skip-lazy\" src=\"https:\/\/azophtalmologie.com\/wp-content\/uploads\/2022\/07\/az-pathologie-oeil-sain.jpg\" \/><img class=\"skip-lazy\" src=\"https:\/\/azophtalmologie.com\/wp-content\/uploads\/2022\/07\/az-retinopathie.jpg\" \/><\/div><script>jQuery( document ).ready(function( $ ) {$(\".twentytwenty-container.twenty20-4[data-orientation!='vertical']\").twentytwenty({default_offset_pct: 0.5});$(\".twenty20-4 .twentytwenty-overlay\").hide();$(\".twenty20-4 .twentytwenty-overlay\").hide();});<\/script><\/div>[vc_column_text]<\/p>\n<h3>Traitements\u00a0:<\/h3>\n<p>Il est primordial de stabiliser la glyc\u00e9mie et les facteurs de risque cardiovasculaires. Plusieurs traitements sont possibles selon l\u2019\u00e9volution de la pathologie : laser, injections intraoculaires ou intervention chirurgicale.[\/vc_column_text][\/vc_column][\/vc_row][vc_row el_class=\u00a0\u00bbpathologies\u00a0\u00bb css=\u00a0\u00bb.vc_custom_1659626849162{padding-top: 50px !important;padding-bottom: 0px !important;}\u00a0\u00bb][vc_column width=\u00a0\u00bb1\/2&Prime; el_id=\u00a0\u00bbpediatrie\u00a0\u00bb][vc_column_text]<\/p>\n<h2><strong>Ophtalmologie p\u00e9diatrique\u00a0:<\/strong><\/h2>\n<p>Un examen de d\u00e9pistage chez l\u2019enfant est important pour s\u2019assurer d\u2019un d\u00e9veloppement visuel ad\u00e9quat.<\/p>\n<p>Certaines anomalies de la vision peuvent passer inaper\u00e7ues et entraver la pleine acquisition d\u2019une vision nette des deux yeux, ce qui engendre une diff\u00e9rence d\u2019acuit\u00e9 visuelle entre les deux yeux. Si cette diff\u00e9rence n\u2019est pas corrig\u00e9e \u00e0 temps, elle peut devenir permanente, persister \u00e0 l\u2019\u00e2ge adulte et ne plus \u00eatre corrigible (amblyopie).<\/p>\n<p>Les enfants, n\u00e9s pr\u00e9matur\u00e9ment, de parents amblyopes ou ayant un strabisme (d\u00e9viation visible de l\u2019\u0153il) doivent \u00eatre suivis attentivement et faire un contr\u00f4le \u00e0 un \u00e2ge pr\u00e9coce.<\/p>\n<p>Lors de l\u2019examen, il est parfois n\u00e9cessaire de dilater les pupilles en instillant des gouttes. Il faudra environ trente minutes afin que le collyre agisse. L\u2019enfant sera sensible \u00e0 la lumi\u00e8re pendant plusieurs heures et il faut le prot\u00e9ger du soleil le temps que l\u2019effet s\u2019estompe avec des lunettes de soleil ou une casquette.[\/vc_column_text][vc_single_image image=\u00a0\u00bb29700&Prime; img_size=\u00a0\u00bblarge\u00a0\u00bb][\/vc_column][vc_column width=\u00a0\u00bb1\/2&Prime; el_id=\u00a0\u00bbpaupieres\u00a0\u00bb][vc_column_text]<\/p>\n<h2><strong>Pathologie des paupi\u00e8res\u00a0:<\/strong><\/h2>\n<p>Les paupi\u00e8res jouent un r\u00f4le important car elles servent \u00e0 prot\u00e9ger les yeux. Elles peuvent \u00eatre touch\u00e9es par diff\u00e9rentes pathologies\u00a0: inflammatoire, traumatique, malformation, tumeur. Avec les ann\u00e9es, un exc\u00e8s de tissu cutan\u00e9 des paupi\u00e8res sup\u00e9rieures peut appara\u00eetre, ou un rel\u00e2chement des tissus des paupi\u00e8res inf\u00e9rieures.<\/p>\n<p>Une diminution du champ visuel, de la vision, ou une sensation de lourdeur peuvent \u00eatre ressenties lorsque cet exc\u00e8s de tissu pr\u00e9domine sur les paupi\u00e8res sup\u00e9rieures et vient masquer la pupille (dermatochalasis).[\/vc_column_text]<div id=\"twenty20-5\" class=\"twenty20\" style=\"width: 100% !important; clear: both;\"><div class=\"twentytwenty-container twenty20-5 \"><img class=\"skip-lazy\" src=\"https:\/\/azophtalmologie.com\/wp-content\/uploads\/2022\/07\/Ble\u0301pharo-AVANT-1.jpg\" \/><img class=\"skip-lazy\" src=\"https:\/\/azophtalmologie.com\/wp-content\/uploads\/2022\/07\/Ble\u0301pharo-APRE\u0300S-1.jpg\" \/><\/div><script>jQuery( document ).ready(function( $ ) {$(\".twentytwenty-container.twenty20-5[data-orientation!='vertical']\").twentytwenty({default_offset_pct: 0.5});$(\".twenty20-5 .twentytwenty-before-label\").html(\"Avant\");$(\".twenty20-5 .twentytwenty-after-label\").html(\"Apr\u00e8s\");});<\/script><\/div>[vc_column_text]<\/p>\n<h3>Traitement\u00a0:<\/h3>\n<p>Le traitement aura pour effet de r\u00e9tablir la fonction visuelle, d\u2019am\u00e9liorer le bon fonctionnement des paupi\u00e8res ainsi que leur esth\u00e9tique. Le traitement est chirurgical.[\/vc_column_text][\/vc_column][\/vc_row][vc_row el_class=\u00a0\u00bbpathologies\u00a0\u00bb css=\u00a0\u00bb.vc_custom_1657813846176{margin-bottom: 50px !important;padding-top: 50px !important;padding-bottom: 0px !important;}\u00a0\u00bb][vc_column width=\u00a0\u00bb1\/2&Prime;][vc_column_text]<\/p>\n<h2><strong>Bl\u00e9pharite :<\/strong><\/h2>\n<p>La bl\u00e9pharite est une inflammation du bord des paupi\u00e8res. Elle peut \u00eatre chronique ou aigue. Elle est souvent caus\u00e9e par le dysfonctionnement des glandes de\u00a0Meibomius situ\u00e9es \u00e0 l\u2019arri\u00e8re des cils. Les glandes de Meibomius produisent la couche lipidique des larmes \u00e9vitant ainsi l\u2019\u00e9vaporation trop importante du film lacrymal. Un trouble \u00e0 ce niveau peut \u00e9galement provoquer rougeur, s\u00e9cheresse, irritation, sensation de br\u00fblures et fatigue oculaire.<\/p>\n<p>&nbsp;<\/p>\n<h3>Traitements\u00a0:<\/h3>\n<p>Une bonne hygi\u00e8ne des paupi\u00e8res est primordiale. En cas d\u2019obstruction, il faut un d\u00e9gagement des bouchons aux orifices des glandes. Les nouvelles technologies permettent de traiter la bl\u00e9pharite par un appareil qui s\u2019applique sur les paupi\u00e8res sup\u00e9rieures et inf\u00e9rieurs pour masser les glandes en produisant de la chaleur (<a href=\"https:\/\/fr.jnjvisionpro.ca\/products\/lipiflow-treatment#specification\">D\u00e9couvrez ce qui en est dit sur la page de Johnson &amp; Jonhson<\/a>).[\/vc_column_text][\/vc_column][vc_column width=\u00a0\u00bb1\/2&Prime;][vc_column_text]<\/p>\n<h2><strong>Chirurgie r\u00e9fractive :<\/strong><\/h2>\n<p>La chirurgie r\u00e9fractive comprend l\u2019ensemble des op\u00e9rations (LASIK, LASEK, PKR, SMILE, Implants phakes et cristallin clair ou cataracte) permettant de ne\u00a0<strong>plus porter de lunettes ou de lentilles<\/strong><strong>. <\/strong>Les m\u00e9thodes par laser (LASIK, LASEK, PKR, SMILE) permettent de corriger les d\u00e9fauts de r\u00e9fraction faibles \u00e0 moyens (myopie, hyperm\u00e9tropie, astigmatisme).<\/p>\n<p>&nbsp;<\/p>\n<p>Pour les d\u00e9fauts de r\u00e9fraction plus importants, un implant dit \u00ab phake \u00bb, plac\u00e9 entre le cristallin et l\u2019iris, peut \u00eatre propos\u00e9 afin d\u2019\u00e9viter de trop affecter la corn\u00e9e avec le laser ou en cas de contre-indication au laser. L\u2019intervention est r\u00e9versible puisque l\u2019implant peut \u00eatre retir\u00e9 si n\u00e9cessaire.<\/p>\n<p>Enfin, l\u2019op\u00e9ration de la cataracte peut aussi devenir \u00ab\u00a0r\u00e9fractive\u00a0\u00bb quand elle permet de se passer des lunettes avec l\u2019utilisation d\u2019implants dit \u00ab\u00a0premium\u00a0\u00bb, corrigeant \u00e0 la fois la myopie ou l\u2019hyperm\u00e9tropie, mais aussi l\u2019astigmatisme, voire la presbytie.[\/vc_column_text][\/vc_column][\/vc_row]<\/p>\n","protected":false},"excerpt":{"rendered":"<p>[vc_row css=\u00a0\u00bb.vc_custom_1656276703591{padding-bottom: 0px !important;}\u00a0\u00bb][vc_column][vc_column_text] Quelques exemples de pathologies de l&rsquo;oeil trait\u00e9es chez AZ Ophtalmologie [\/vc_column_text][\/vc_column][\/vc_row][vc_row el_class=\u00a0\u00bbpathologies\u00a0\u00bb css=\u00a0\u00bb.vc_custom_1656276965604{padding-top: 50px !important;padding-bottom: 0px !important;}\u00a0\u00bb][vc_column width=\u00a0\u00bb1\/2&Prime; el_id=\u00a0\u00bbglaucome\u00a0\u00bb][vc_column_text] Le glaucome Le glaucome est une pathologie entra\u00eenant une atteinte du nerf optique pouvant conduire \u00e0 une restriction du champ visuel s\u2019il n\u2019est pas d\u00e9pist\u00e9 rapidement. Il en existe deux formes\u00a0principales : &hellip; <a href=\"https:\/\/azophtalmologie.com\/fr\/pathologies\/\" class=\"more-link\">Continue reading <span class=\"screen-reader-text\">Pathologies de l&rsquo;oeil<\/span><\/a><\/p>\n","protected":false},"author":1,"featured_media":0,"parent":0,"menu_order":0,"comment_status":"closed","ping_status":"closed","template":"","meta":[],"yoast_head":"<!-- This site is optimized with the Yoast SEO plugin v20.0 - https:\/\/yoast.com\/wordpress\/plugins\/seo\/ -->\n<title>Pathologies de l&#039;oeil - AZ Ophtalmologie<\/title>\n<meta name=\"description\" content=\"D\u00e9couvrez les diff\u00e9rentes pathologies de l&#039;oeil trait\u00e9es par AZ Ophtalmologie avec les meilleurs soins pour vos yeux \u00e0 Gen\u00e8ve.\" \/>\n<meta name=\"robots\" content=\"index, follow, max-snippet:-1, max-image-preview:large, max-video-preview:-1\" \/>\n<link rel=\"canonical\" href=\"https:\/\/azophtalmologie.com\/fr\/pathologies\/\" \/>\n<meta property=\"og:locale\" content=\"fr_FR\" \/>\n<meta property=\"og:type\" content=\"article\" \/>\n<meta property=\"og:title\" content=\"Pathologies de l&#039;oeil - AZ Ophtalmologie\" \/>\n<meta property=\"og:description\" content=\"D\u00e9couvrez les diff\u00e9rentes pathologies de l&#039;oeil trait\u00e9es par AZ Ophtalmologie avec les meilleurs soins pour vos yeux \u00e0 Gen\u00e8ve.\" \/>\n<meta property=\"og:url\" content=\"https:\/\/azophtalmologie.com\/fr\/pathologies\/\" \/>\n<meta property=\"og:site_name\" content=\"AZ Ophtalmologie\" \/>\n<meta property=\"article:modified_time\" content=\"2022-11-14T16:12:02+00:00\" \/>\n<meta name=\"twitter:card\" content=\"summary_large_image\" \/>\n<meta name=\"twitter:label1\" content=\"Dur\u00e9e de lecture estim\u00e9e\" \/>\n\t<meta name=\"twitter:data1\" content=\"7 minutes\" \/>\n<script type=\"application\/ld+json\" class=\"yoast-schema-graph\">{\"@context\":\"https:\/\/schema.org\",\"@graph\":[{\"@type\":\"WebPage\",\"@id\":\"https:\/\/azophtalmologie.com\/fr\/pathologies\/\",\"url\":\"https:\/\/azophtalmologie.com\/fr\/pathologies\/\",\"name\":\"Pathologies de l'oeil - AZ Ophtalmologie\",\"isPartOf\":{\"@id\":\"https:\/\/azophtalmologie.com\/fr\/#website\"},\"datePublished\":\"2022-06-26T20:48:29+00:00\",\"dateModified\":\"2022-11-14T16:12:02+00:00\",\"description\":\"D\u00e9couvrez les diff\u00e9rentes pathologies de l'oeil trait\u00e9es par AZ Ophtalmologie avec les meilleurs soins pour vos yeux \u00e0 Gen\u00e8ve.\",\"breadcrumb\":{\"@id\":\"https:\/\/azophtalmologie.com\/fr\/pathologies\/#breadcrumb\"},\"inLanguage\":\"fr-FR\",\"potentialAction\":[{\"@type\":\"ReadAction\",\"target\":[\"https:\/\/azophtalmologie.com\/fr\/pathologies\/\"]}]},{\"@type\":\"BreadcrumbList\",\"@id\":\"https:\/\/azophtalmologie.com\/fr\/pathologies\/#breadcrumb\",\"itemListElement\":[{\"@type\":\"ListItem\",\"position\":1,\"name\":\"Accueil\",\"item\":\"https:\/\/azophtalmologie.com\/fr\/\"},{\"@type\":\"ListItem\",\"position\":2,\"name\":\"Pathologies de l&rsquo;oeil\"}]},{\"@type\":\"WebSite\",\"@id\":\"https:\/\/azophtalmologie.com\/fr\/#website\",\"url\":\"https:\/\/azophtalmologie.com\/fr\/\",\"name\":\"AZ Ophtalmologie\",\"description\":\"Soins de pointe pour votre vue \u00e0 Gen\u00e8ve\",\"publisher\":{\"@id\":\"https:\/\/azophtalmologie.com\/fr\/#organization\"},\"potentialAction\":[{\"@type\":\"SearchAction\",\"target\":{\"@type\":\"EntryPoint\",\"urlTemplate\":\"https:\/\/azophtalmologie.com\/fr\/?s={search_term_string}\"},\"query-input\":\"required name=search_term_string\"}],\"inLanguage\":\"fr-FR\"},{\"@type\":\"Organization\",\"@id\":\"https:\/\/azophtalmologie.com\/fr\/#organization\",\"name\":\"AZ Ophtalmologie\",\"url\":\"https:\/\/azophtalmologie.com\/fr\/\",\"logo\":{\"@type\":\"ImageObject\",\"inLanguage\":\"fr-FR\",\"@id\":\"https:\/\/azophtalmologie.com\/fr\/#\/schema\/logo\/image\/\",\"url\":\"https:\/\/azophtalmologie.com\/wp-content\/uploads\/2022\/06\/Logo-AZ-OPHTALMOLOGIE-S.png\",\"contentUrl\":\"https:\/\/azophtalmologie.com\/wp-content\/uploads\/2022\/06\/Logo-AZ-OPHTALMOLOGIE-S.png\",\"width\":2020,\"height\":538,\"caption\":\"AZ Ophtalmologie\"},\"image\":{\"@id\":\"https:\/\/azophtalmologie.com\/fr\/#\/schema\/logo\/image\/\"}}]}<\/script>\n<!-- \/ Yoast SEO plugin. -->","yoast_head_json":{"title":"Pathologies de l'oeil - AZ Ophtalmologie","description":"D\u00e9couvrez les diff\u00e9rentes pathologies de l'oeil trait\u00e9es par AZ Ophtalmologie avec les meilleurs soins pour vos yeux \u00e0 Gen\u00e8ve.","robots":{"index":"index","follow":"follow","max-snippet":"max-snippet:-1","max-image-preview":"max-image-preview:large","max-video-preview":"max-video-preview:-1"},"canonical":"https:\/\/azophtalmologie.com\/fr\/pathologies\/","og_locale":"fr_FR","og_type":"article","og_title":"Pathologies de l'oeil - AZ Ophtalmologie","og_description":"D\u00e9couvrez les diff\u00e9rentes pathologies de l'oeil trait\u00e9es par AZ Ophtalmologie avec les meilleurs soins pour vos yeux \u00e0 Gen\u00e8ve.","og_url":"https:\/\/azophtalmologie.com\/fr\/pathologies\/","og_site_name":"AZ Ophtalmologie","article_modified_time":"2022-11-14T16:12:02+00:00","twitter_card":"summary_large_image","twitter_misc":{"Dur\u00e9e de lecture estim\u00e9e":"7 minutes"},"schema":{"@context":"https:\/\/schema.org","@graph":[{"@type":"WebPage","@id":"https:\/\/azophtalmologie.com\/fr\/pathologies\/","url":"https:\/\/azophtalmologie.com\/fr\/pathologies\/","name":"Pathologies de l'oeil - AZ Ophtalmologie","isPartOf":{"@id":"https:\/\/azophtalmologie.com\/fr\/#website"},"datePublished":"2022-06-26T20:48:29+00:00","dateModified":"2022-11-14T16:12:02+00:00","description":"D\u00e9couvrez les diff\u00e9rentes pathologies de l'oeil trait\u00e9es par AZ Ophtalmologie avec les meilleurs soins pour vos yeux \u00e0 Gen\u00e8ve.","breadcrumb":{"@id":"https:\/\/azophtalmologie.com\/fr\/pathologies\/#breadcrumb"},"inLanguage":"fr-FR","potentialAction":[{"@type":"ReadAction","target":["https:\/\/azophtalmologie.com\/fr\/pathologies\/"]}]},{"@type":"BreadcrumbList","@id":"https:\/\/azophtalmologie.com\/fr\/pathologies\/#breadcrumb","itemListElement":[{"@type":"ListItem","position":1,"name":"Accueil","item":"https:\/\/azophtalmologie.com\/fr\/"},{"@type":"ListItem","position":2,"name":"Pathologies de l&rsquo;oeil"}]},{"@type":"WebSite","@id":"https:\/\/azophtalmologie.com\/fr\/#website","url":"https:\/\/azophtalmologie.com\/fr\/","name":"AZ Ophtalmologie","description":"Soins de pointe pour votre vue \u00e0 Gen\u00e8ve","publisher":{"@id":"https:\/\/azophtalmologie.com\/fr\/#organization"},"potentialAction":[{"@type":"SearchAction","target":{"@type":"EntryPoint","urlTemplate":"https:\/\/azophtalmologie.com\/fr\/?s={search_term_string}"},"query-input":"required name=search_term_string"}],"inLanguage":"fr-FR"},{"@type":"Organization","@id":"https:\/\/azophtalmologie.com\/fr\/#organization","name":"AZ Ophtalmologie","url":"https:\/\/azophtalmologie.com\/fr\/","logo":{"@type":"ImageObject","inLanguage":"fr-FR","@id":"https:\/\/azophtalmologie.com\/fr\/#\/schema\/logo\/image\/","url":"https:\/\/azophtalmologie.com\/wp-content\/uploads\/2022\/06\/Logo-AZ-OPHTALMOLOGIE-S.png","contentUrl":"https:\/\/azophtalmologie.com\/wp-content\/uploads\/2022\/06\/Logo-AZ-OPHTALMOLOGIE-S.png","width":2020,"height":538,"caption":"AZ Ophtalmologie"},"image":{"@id":"https:\/\/azophtalmologie.com\/fr\/#\/schema\/logo\/image\/"}}]}},"_links":{"self":[{"href":"https:\/\/azophtalmologie.com\/fr\/wp-json\/wp\/v2\/pages\/29488"}],"collection":[{"href":"https:\/\/azophtalmologie.com\/fr\/wp-json\/wp\/v2\/pages"}],"about":[{"href":"https:\/\/azophtalmologie.com\/fr\/wp-json\/wp\/v2\/types\/page"}],"author":[{"embeddable":true,"href":"https:\/\/azophtalmologie.com\/fr\/wp-json\/wp\/v2\/users\/1"}],"replies":[{"embeddable":true,"href":"https:\/\/azophtalmologie.com\/fr\/wp-json\/wp\/v2\/comments?post=29488"}],"version-history":[{"count":31,"href":"https:\/\/azophtalmologie.com\/fr\/wp-json\/wp\/v2\/pages\/29488\/revisions"}],"predecessor-version":[{"id":29984,"href":"https:\/\/azophtalmologie.com\/fr\/wp-json\/wp\/v2\/pages\/29488\/revisions\/29984"}],"wp:attachment":[{"href":"https:\/\/azophtalmologie.com\/fr\/wp-json\/wp\/v2\/media?parent=29488"}],"curies":[{"name":"wp","href":"https:\/\/api.w.org\/{rel}","templated":true}]}}