{"id":29394,"date":"2022-06-26T19:40:51","date_gmt":"2022-06-26T17:40:51","guid":{"rendered":"https:\/\/site2022.azophtalmologie.com\/?page_id=29394"},"modified":"2026-01-30T17:03:35","modified_gmt":"2026-01-30T16:03:35","slug":"notre-equipe","status":"publish","type":"page","link":"https:\/\/azophtalmologie.com\/fr\/notre-equipe\/","title":{"rendered":"Notre \u00c9quipe"},"content":{"rendered":"<p>[vc_row ts_bgcolor=\u00a0\u00bbgrey\u00a0\u00bb full_width=\u00a0\u00bbstretch_row\u00a0\u00bb equal_height=\u00a0\u00bbyes\u00a0\u00bb content_placement=\u00a0\u00bbmiddle\u00a0\u00bb css=\u00a0\u00bb.vc_custom_1656273343431{padding-right: 15px !important;padding-left: 15px !important;}\u00a0\u00bb][vc_column][vc_column_text]<\/p>\n<h1 style=\"text-align: center;\">L&rsquo;Equipe<\/h1>\n<p>[\/vc_column_text][\/vc_column][vc_column width=\u00a0\u00bb1\/3&Prime; ts_responsive_css=\u00a0\u00bb13693819|colbreak_no|||||||||colbreak_no|||||||||colbreak_no||||||||||colbreak_no|||||||||\u00a0\u00bb css=\u00a0\u00bb.vc_custom_1659872761306{margin-top: 50px !important;}\u00a0\u00bb][vc_column_text]Le Cabinet AZ Ophtalmologie est men\u00e9 par Docteur Hana Abouzeid et se compose d\u2019une \u00e9quipe vari\u00e9e form\u00e9e de m\u00e9decins, orthoptistes dipl\u00f4m\u00e9es, optom\u00e9tristes dipl\u00f4m\u00e9s et professionnels du domaine m\u00e9dical.<\/p>\n<p>La Cabinet AZ Ophtalmologie met son professionnalisme au service de chaque patient, enfant ou adulte, pour lui apporter tous les soins n\u00e9cessaires au maintien ou \u00e0 l\u2019am\u00e9lioration de sa vision, dans un esprit centr\u00e9 sur l\u2019humain.[\/vc_column_text][\/vc_column][vc_column width=\u00a0\u00bb2\/3&Prime;][vc_row_inner content_placement=\u00a0\u00bbmiddle\u00a0\u00bb el_class=\u00a0\u00bbdr-az\u00a0\u00bb css=\u00a0\u00bb.vc_custom_1657523085549{padding-top: 15px !important;padding-bottom: 15px !important;}\u00a0\u00bb][vc_column_inner width=\u00a0\u00bb1\/3&Prime;][vc_single_image image=\u00a0\u00bb29747&Prime; img_size=\u00a0\u00bbfull\u00a0\u00bb][\/vc_column_inner][vc_column_inner width=\u00a0\u00bb2\/3&Prime;][vc_column_text]<\/p>\n<h2>Docteur Hana Abouzeid, MD, FEBO<\/h2>\n<p><span style=\"color: #0a3380;\">FMH Ophtalmologie et FMH Ophtalmochirurgie<\/span><\/p>\n<h3>OPHTALMOLOGUE<\/h3>\n<h3>Fondatrice de AZ Ophtalmologie<\/h3>\n<p>Chirurgienne de renom, Docteur Abouzeid a fond\u00e9 le cabinet AZ Ophtalmologie afin d\u2019offrir les meilleurs soins possibles pour am\u00e9liorer ou conserver la vue de ses patients.[\/vc_column_text]\r\n\t\t<div class=\"ts-vc_btn3-container ts-vc_btn3-center\"><a class=\"ts-vc_general ts-vc_btn3 ts-vc_btn3-size-md ts-vc_btn3-shape-rounded ts-vc_btn3-style-flat ts-vc_btn3-weight-yes ts-vc_btn3-block ts-vc_btn3-icon-right ts-vc_btn3-color-skincolor\" href=\"\/fr\/notre-equipe\/docteur-abouzeid\/\" title=\"Docteur Hana Abouzeid\">En savoir plus <i class=\"ts-vc_btn3-icon themifyicon ti-angle-double-right\"><\/i><\/a><\/div>[\/vc_column_inner][\/vc_row_inner][\/vc_column][\/vc_row][vc_row css=\u00a0\u00bb.vc_custom_1659872573726{border-top-width: 0px !important;border-right-width: 0px !important;border-bottom-width: 2px !important;border-left-width: 0px !important;border-left-color: #0a3380 !important;border-left-style: solid !important;border-right-color: #0a3380 !important;border-right-style: solid !important;border-top-color: #0a3380 !important;border-top-style: solid !important;border-bottom-color: #0a3380 !important;border-bottom-style: solid !important;}\u00a0\u00bb][vc_column width=\u00a0\u00bb1\/3&Prime;]\r\n\t\t<div class=\"ts-vc_btn3-container ts-vc_btn3-center\"><a class=\"ts-vc_general ts-vc_btn3 ts-vc_btn3-size-md ts-vc_btn3-shape-rounded ts-vc_btn3-style-outline ts-vc_btn3-weight-yes ts-vc_btn3-block ts-vc_btn3-color-skincolor\" href=\"#sandy\" title=\"\">Sandy Marques<\/a><\/div>[\/vc_column][vc_column width=\u00a0\u00bb1\/3&Prime;]\r\n\t\t<div class=\"ts-vc_btn3-container ts-vc_btn3-center\"><a class=\"ts-vc_general ts-vc_btn3 ts-vc_btn3-size-md ts-vc_btn3-shape-rounded ts-vc_btn3-style-outline ts-vc_btn3-weight-yes ts-vc_btn3-block ts-vc_btn3-color-skincolor\" href=\"#valentin\" title=\"\">Valentin Cuffini<\/a><\/div>[\/vc_column][vc_column width=\u00a0\u00bb1\/3&Prime;]\r\n\t\t<div class=\"ts-vc_btn3-container ts-vc_btn3-center\"><a class=\"ts-vc_general ts-vc_btn3 ts-vc_btn3-size-md ts-vc_btn3-shape-rounded ts-vc_btn3-style-outline ts-vc_btn3-weight-yes ts-vc_btn3-block ts-vc_btn3-color-skincolor\" href=\"#secretariat\" title=\"\">Equipe accueil<\/a><\/div>[\/vc_column][\/vc_row][vc_row el_class=\u00a0\u00bbequipe\u00a0\u00bb css=\u00a0\u00bb.vc_custom_1657806406069{border-top-width: 0px !important;border-right-width: 0px !important;border-bottom-width: 2px !important;border-left-width: 0px !important;border-left-color: #0a3380 !important;border-left-style: solid !important;border-right-color: #0a3380 !important;border-right-style: solid !important;border-top-color: #0a3380 !important;border-top-style: solid !important;border-bottom-color: #0a3380 !important;border-bottom-style: solid !important;}\u00a0\u00bb el_id=\u00a0\u00bbsandy\u00a0\u00bb][vc_column width=\u00a0\u00bb1\/3&Prime;][vc_single_image image=\u00a0\u00bb29526&Prime; img_size=\u00a0\u00bb512&#215;512&Prime; alignment=\u00a0\u00bbcenter\u00a0\u00bb][vc_column_text]<\/p>\n<h2>Sandy Marques<\/h2>\n<h3>OPTOMETRISTE DIPLOMEE<\/h3>\n<p><span class=\"bumpedfont20\">Langues\u00a0parl\u00e9es:\u00a0\u00a0 fran\u00e7ais, portugais, anglais, allemand.<\/span>[\/vc_column_text]\r\n\t\t<div class=\"ts-vc_btn3-container ts-vc_btn3-center\"><a class=\"ts-vc_general ts-vc_btn3 ts-vc_btn3-size-md ts-vc_btn3-shape-rounded ts-vc_btn3-style-flat ts-vc_btn3-weight-yes ts-vc_btn3-block ts-vc_btn3-color-skincolor\" href=\"\/fr\/contact\/\" title=\"Prendre rendez-vous\">Prendre rendez-vous<\/a><\/div>[\/vc_column][vc_column width=\u00a0\u00bb2\/3&Prime;][vc_column_text]Sandy a obtenu son Dipl\u00f4me F\u00e9d\u00e9ral d\u2019Optom\u00e9triste Suisse (Bachelor of Science FHNW en Optom\u00e9trie), de l\u2019\u00c9cole Sup\u00e9rieure suisse d\u2019optom\u00e9trie de Olten, Canton de Soleure, en 2008. Sandy a travaill\u00e9 dans plusieurs magasins d\u2019optique \u00e0 Gen\u00e8ve, y compris comme optom\u00e9triste responsable de magasin, avant de rejoindre l\u2019\u00e9quipe d\u2019AZ Ophtalmologie en 2020. Sandy participe chaque ann\u00e9e \u00e0 des formations continues pour optom\u00e9tristes, locales et nationales.<\/p>\n<p>En sa qualit\u00e9 d\u2019optom\u00e9triste, Sandy d\u00e9piste et d\u00e9tecte les maladies oculaires, elle effectue les examens de la vue pour la prescription de lunettes ou de lentilles de contact, et pratique les adaptations de lentilles de contact simples et complexes. Sandy peut \u00e9galement r\u00e9aliser des examens compl\u00e9mentaires (champ visuel, OCT, prise de tension oculaire), dont l\u2019interpr\u00e9tation sera effectu\u00e9e sous supervision m\u00e9dicale.<\/p>\n<p>Depuis 2009, Sandy a \u00e9t\u00e9 nomm\u00e9e experte aux examens f\u00e9d\u00e9raux de fin d\u2019apprentissage du Certificat F\u00e9d\u00e9ral de Capacit\u00e9 d\u2019Opticien.[\/vc_column_text][\/vc_column][\/vc_row][vc_row el_class=\u00a0\u00bbequipe\u00a0\u00bb css=\u00a0\u00bb.vc_custom_1666179059023{border-top-width: 0px !important;border-right-width: 0px !important;border-bottom-width: 2px !important;border-left-width: 0px !important;border-left-color: #0a3380 !important;border-left-style: solid !important;border-right-color: #0a3380 !important;border-right-style: solid !important;border-top-color: #0a3380 !important;border-top-style: solid !important;border-bottom-color: #0a3380 !important;border-bottom-style: solid !important;}\u00a0\u00bb el_id=\u00a0\u00bbvalentin\u00a0\u00bb][vc_column width=\u00a0\u00bb1\/3&Prime;][vc_single_image image=\u00a0\u00bb29989&Prime; img_size=\u00a0\u00bb512&#215;512&Prime; alignment=\u00a0\u00bbcenter\u00a0\u00bb][vc_column_text]<\/p>\n<h2>Valentin Cuffini<\/h2>\n<h3>OPTOMETRISTE DIPLOME<\/h3>\n<p>Langue parl\u00e9e : fran\u00e7ais, anglais, italien[\/vc_column_text]\r\n\t\t<div class=\"ts-vc_btn3-container ts-vc_btn3-center\"><a class=\"ts-vc_general ts-vc_btn3 ts-vc_btn3-size-md ts-vc_btn3-shape-rounded ts-vc_btn3-style-flat ts-vc_btn3-weight-yes ts-vc_btn3-block ts-vc_btn3-color-skincolor\" href=\"https:\/\/www.onedoc.ch\/fr\/ophtalmologue\/geneve\/pcl85\/az-ophtalmologie\" title=\"Prendre rendez-vous\" target=\"_blank\">Prendre rendez-vous<\/a><\/div>[\/vc_column][vc_column width=\u00a0\u00bb2\/3&Prime;][vc_column_text]Valentin a obtenu en 2015 un Master Biologie Sant\u00e9 avec sp\u00e9cialisation dans les Sciences de la Vision \u00e0 l\u2019Universit\u00e9 de Paris Sud.<\/p>\n<p>Apr\u00e8s son dipl\u00f4me, il commence sa carri\u00e8re d\u2019optom\u00e9triste et travaille pendant 3 ans \u00e0 la Clinique Montchoisi de Lausanne. Il rejoint ensuite le centre Swiss Eye d\u00e8s son ouverture en 2018 avant d&rsquo;int\u00e9grer l&rsquo;\u00e9quipe d&rsquo;AZ Ophtalmologie en 2022.<\/p>\n<p>Valentin est un optom\u00e9triste exp\u00e9riment\u00e9 qui prend en charge nos patients notamment dans le cadre des examens compl\u00e9mentaires (Champ Visuel, OCT). Valentin s&rsquo;est sp\u00e9cialis\u00e9 dans la vision et le sport en suivant une formation ainsi que plusieurs conf\u00e9rences donn\u00e9es par diff\u00e9rents\u00a0acteurs de ce domaine.[\/vc_column_text][\/vc_column][\/vc_row][vc_row el_id=\u00a0\u00bbsecretariat\u00a0\u00bb][vc_column width=\u00a0\u00bb1\/6&Prime;][\/vc_column][vc_column width=\u00a0\u00bb1\/3&Prime; el_class=\u00a0\u00bbequipe\u00a0\u00bb][vc_single_image image=\u00a0\u00bb29727&Prime; img_size=\u00a0\u00bb512&#215;512&Prime; alignment=\u00a0\u00bbcenter\u00a0\u00bb][vc_column_text]<\/p>\n<h2>Maria<\/h2>\n<h3>CEO Assistant<\/h3>\n<p>Maria a rejoint AZ Ophtalmologie en 2017.<\/p>\n<p>Langues parl\u00e9es : fran\u00e7ais, anglais, russe, espagnol, allemand, italien.[\/vc_column_text][\/vc_column][vc_column width=\u00a0\u00bb1\/3&Prime; el_class=\u00a0\u00bbequipe\u00a0\u00bb][vc_single_image image=\u00a0\u00bb29524&Prime; img_size=\u00a0\u00bb512&#215;512&Prime; alignment=\u00a0\u00bbcenter\u00a0\u00bb][vc_column_text]<\/p>\n<h2>M\u00e9lodie<\/h2>\n<h3>RESPONSABLE DE L\u2019ACCUEIL<\/h3>\n<p>M\u00e9lodie a obtenu son BTS d\u2019Opticien Lunetier de l\u2019Institut Sup\u00e9rieur des Opticiens \u00e0 Lyon, en 2008. Elle a rejoint AZ Ophtalmologie en 2021.<\/p>\n<p>Langues parl\u00e9es : fran\u00e7ais, anglais, espagnol.[\/vc_column_text][\/vc_column][vc_column width=\u00a0\u00bb1\/6&Prime;][\/vc_column][\/vc_row]<\/p>\n","protected":false},"excerpt":{"rendered":"<p>[vc_row ts_bgcolor=\u00a0\u00bbgrey\u00a0\u00bb full_width=\u00a0\u00bbstretch_row\u00a0\u00bb equal_height=\u00a0\u00bbyes\u00a0\u00bb content_placement=\u00a0\u00bbmiddle\u00a0\u00bb css=\u00a0\u00bb.vc_custom_1656273343431{padding-right: 15px !important;padding-left: 15px !important;}\u00a0\u00bb][vc_column][vc_column_text] L&rsquo;Equipe [\/vc_column_text][\/vc_column][vc_column width=\u00a0\u00bb1\/3&Prime; ts_responsive_css=\u00a0\u00bb13693819|colbreak_no|||||||||colbreak_no|||||||||colbreak_no||||||||||colbreak_no|||||||||\u00a0\u00bb css=\u00a0\u00bb.vc_custom_1659872761306{margin-top: 50px !important;}\u00a0\u00bb][vc_column_text]Le Cabinet AZ Ophtalmologie est men\u00e9 par Docteur Hana Abouzeid et se compose d\u2019une \u00e9quipe vari\u00e9e form\u00e9e de m\u00e9decins, orthoptistes dipl\u00f4m\u00e9es, optom\u00e9tristes dipl\u00f4m\u00e9s et professionnels du domaine m\u00e9dical. La Cabinet AZ Ophtalmologie met son professionnalisme au service de chaque &hellip; <a href=\"https:\/\/azophtalmologie.com\/fr\/notre-equipe\/\" class=\"more-link\">Continue reading <span class=\"screen-reader-text\">Notre \u00c9quipe<\/span><\/a><\/p>\n","protected":false},"author":1,"featured_media":0,"parent":0,"menu_order":0,"comment_status":"closed","ping_status":"closed","template":"","meta":[],"yoast_head":"<!-- This site is optimized with the Yoast SEO plugin v20.0 - https:\/\/yoast.com\/wordpress\/plugins\/seo\/ -->\n<title>Notre \u00c9quipe - AZ Ophtalmologie<\/title>\n<meta name=\"description\" content=\"D\u00e9couvrez l&#039;\u00e9quipe d&#039;AZ Opthalmologie, pr\u00e9sente \u00e0 Gen\u00e8ve pour vous fournir les meilleurs soins ophtalmologiques.\" \/>\n<meta name=\"robots\" content=\"index, follow, max-snippet:-1, max-image-preview:large, max-video-preview:-1\" \/>\n<link rel=\"canonical\" href=\"https:\/\/azophtalmologie.com\/fr\/notre-equipe\/\" \/>\n<meta property=\"og:locale\" content=\"fr_FR\" \/>\n<meta property=\"og:type\" content=\"article\" \/>\n<meta property=\"og:title\" content=\"Notre \u00c9quipe - AZ Ophtalmologie\" \/>\n<meta property=\"og:description\" content=\"D\u00e9couvrez l&#039;\u00e9quipe d&#039;AZ Opthalmologie, pr\u00e9sente \u00e0 Gen\u00e8ve pour vous fournir les meilleurs soins ophtalmologiques.\" \/>\n<meta property=\"og:url\" content=\"https:\/\/azophtalmologie.com\/fr\/notre-equipe\/\" \/>\n<meta property=\"og:site_name\" content=\"AZ Ophtalmologie\" \/>\n<meta property=\"article:modified_time\" content=\"2026-01-30T16:03:35+00:00\" \/>\n<meta name=\"twitter:card\" content=\"summary_large_image\" \/>\n<meta name=\"twitter:label1\" content=\"Dur\u00e9e de lecture estim\u00e9e\" \/>\n\t<meta name=\"twitter:data1\" content=\"4 minutes\" \/>\n<script type=\"application\/ld+json\" class=\"yoast-schema-graph\">{\"@context\":\"https:\/\/schema.org\",\"@graph\":[{\"@type\":\"WebPage\",\"@id\":\"https:\/\/azophtalmologie.com\/fr\/notre-equipe\/\",\"url\":\"https:\/\/azophtalmologie.com\/fr\/notre-equipe\/\",\"name\":\"Notre \u00c9quipe - AZ Ophtalmologie\",\"isPartOf\":{\"@id\":\"https:\/\/azophtalmologie.com\/fr\/#website\"},\"datePublished\":\"2022-06-26T17:40:51+00:00\",\"dateModified\":\"2026-01-30T16:03:35+00:00\",\"description\":\"D\u00e9couvrez l'\u00e9quipe d'AZ Opthalmologie, pr\u00e9sente \u00e0 Gen\u00e8ve pour vous fournir les meilleurs soins ophtalmologiques.\",\"breadcrumb\":{\"@id\":\"https:\/\/azophtalmologie.com\/fr\/notre-equipe\/#breadcrumb\"},\"inLanguage\":\"fr-FR\",\"potentialAction\":[{\"@type\":\"ReadAction\",\"target\":[\"https:\/\/azophtalmologie.com\/fr\/notre-equipe\/\"]}]},{\"@type\":\"BreadcrumbList\",\"@id\":\"https:\/\/azophtalmologie.com\/fr\/notre-equipe\/#breadcrumb\",\"itemListElement\":[{\"@type\":\"ListItem\",\"position\":1,\"name\":\"Accueil\",\"item\":\"https:\/\/azophtalmologie.com\/fr\/\"},{\"@type\":\"ListItem\",\"position\":2,\"name\":\"Notre \u00c9quipe\"}]},{\"@type\":\"WebSite\",\"@id\":\"https:\/\/azophtalmologie.com\/fr\/#website\",\"url\":\"https:\/\/azophtalmologie.com\/fr\/\",\"name\":\"AZ Ophtalmologie\",\"description\":\"Soins de pointe pour votre vue \u00e0 Gen\u00e8ve\",\"publisher\":{\"@id\":\"https:\/\/azophtalmologie.com\/fr\/#organization\"},\"potentialAction\":[{\"@type\":\"SearchAction\",\"target\":{\"@type\":\"EntryPoint\",\"urlTemplate\":\"https:\/\/azophtalmologie.com\/fr\/?s={search_term_string}\"},\"query-input\":\"required name=search_term_string\"}],\"inLanguage\":\"fr-FR\"},{\"@type\":\"Organization\",\"@id\":\"https:\/\/azophtalmologie.com\/fr\/#organization\",\"name\":\"AZ Ophtalmologie\",\"url\":\"https:\/\/azophtalmologie.com\/fr\/\",\"logo\":{\"@type\":\"ImageObject\",\"inLanguage\":\"fr-FR\",\"@id\":\"https:\/\/azophtalmologie.com\/fr\/#\/schema\/logo\/image\/\",\"url\":\"https:\/\/azophtalmologie.com\/wp-content\/uploads\/2022\/06\/Logo-AZ-OPHTALMOLOGIE-S.png\",\"contentUrl\":\"https:\/\/azophtalmologie.com\/wp-content\/uploads\/2022\/06\/Logo-AZ-OPHTALMOLOGIE-S.png\",\"width\":2020,\"height\":538,\"caption\":\"AZ Ophtalmologie\"},\"image\":{\"@id\":\"https:\/\/azophtalmologie.com\/fr\/#\/schema\/logo\/image\/\"}}]}<\/script>\n<!-- \/ Yoast SEO plugin. -->","yoast_head_json":{"title":"Notre \u00c9quipe - AZ Ophtalmologie","description":"D\u00e9couvrez l'\u00e9quipe d'AZ Opthalmologie, pr\u00e9sente \u00e0 Gen\u00e8ve pour vous fournir les meilleurs soins ophtalmologiques.","robots":{"index":"index","follow":"follow","max-snippet":"max-snippet:-1","max-image-preview":"max-image-preview:large","max-video-preview":"max-video-preview:-1"},"canonical":"https:\/\/azophtalmologie.com\/fr\/notre-equipe\/","og_locale":"fr_FR","og_type":"article","og_title":"Notre \u00c9quipe - AZ Ophtalmologie","og_description":"D\u00e9couvrez l'\u00e9quipe d'AZ Opthalmologie, pr\u00e9sente \u00e0 Gen\u00e8ve pour vous fournir les meilleurs soins ophtalmologiques.","og_url":"https:\/\/azophtalmologie.com\/fr\/notre-equipe\/","og_site_name":"AZ Ophtalmologie","article_modified_time":"2026-01-30T16:03:35+00:00","twitter_card":"summary_large_image","twitter_misc":{"Dur\u00e9e de lecture estim\u00e9e":"4 minutes"},"schema":{"@context":"https:\/\/schema.org","@graph":[{"@type":"WebPage","@id":"https:\/\/azophtalmologie.com\/fr\/notre-equipe\/","url":"https:\/\/azophtalmologie.com\/fr\/notre-equipe\/","name":"Notre \u00c9quipe - AZ Ophtalmologie","isPartOf":{"@id":"https:\/\/azophtalmologie.com\/fr\/#website"},"datePublished":"2022-06-26T17:40:51+00:00","dateModified":"2026-01-30T16:03:35+00:00","description":"D\u00e9couvrez l'\u00e9quipe d'AZ Opthalmologie, pr\u00e9sente \u00e0 Gen\u00e8ve pour vous fournir les meilleurs soins ophtalmologiques.","breadcrumb":{"@id":"https:\/\/azophtalmologie.com\/fr\/notre-equipe\/#breadcrumb"},"inLanguage":"fr-FR","potentialAction":[{"@type":"ReadAction","target":["https:\/\/azophtalmologie.com\/fr\/notre-equipe\/"]}]},{"@type":"BreadcrumbList","@id":"https:\/\/azophtalmologie.com\/fr\/notre-equipe\/#breadcrumb","itemListElement":[{"@type":"ListItem","position":1,"name":"Accueil","item":"https:\/\/azophtalmologie.com\/fr\/"},{"@type":"ListItem","position":2,"name":"Notre \u00c9quipe"}]},{"@type":"WebSite","@id":"https:\/\/azophtalmologie.com\/fr\/#website","url":"https:\/\/azophtalmologie.com\/fr\/","name":"AZ Ophtalmologie","description":"Soins de pointe pour votre vue \u00e0 Gen\u00e8ve","publisher":{"@id":"https:\/\/azophtalmologie.com\/fr\/#organization"},"potentialAction":[{"@type":"SearchAction","target":{"@type":"EntryPoint","urlTemplate":"https:\/\/azophtalmologie.com\/fr\/?s={search_term_string}"},"query-input":"required name=search_term_string"}],"inLanguage":"fr-FR"},{"@type":"Organization","@id":"https:\/\/azophtalmologie.com\/fr\/#organization","name":"AZ Ophtalmologie","url":"https:\/\/azophtalmologie.com\/fr\/","logo":{"@type":"ImageObject","inLanguage":"fr-FR","@id":"https:\/\/azophtalmologie.com\/fr\/#\/schema\/logo\/image\/","url":"https:\/\/azophtalmologie.com\/wp-content\/uploads\/2022\/06\/Logo-AZ-OPHTALMOLOGIE-S.png","contentUrl":"https:\/\/azophtalmologie.com\/wp-content\/uploads\/2022\/06\/Logo-AZ-OPHTALMOLOGIE-S.png","width":2020,"height":538,"caption":"AZ Ophtalmologie"},"image":{"@id":"https:\/\/azophtalmologie.com\/fr\/#\/schema\/logo\/image\/"}}]}},"_links":{"self":[{"href":"https:\/\/azophtalmologie.com\/fr\/wp-json\/wp\/v2\/pages\/29394"}],"collection":[{"href":"https:\/\/azophtalmologie.com\/fr\/wp-json\/wp\/v2\/pages"}],"about":[{"href":"https:\/\/azophtalmologie.com\/fr\/wp-json\/wp\/v2\/types\/page"}],"author":[{"embeddable":true,"href":"https:\/\/azophtalmologie.com\/fr\/wp-json\/wp\/v2\/users\/1"}],"replies":[{"embeddable":true,"href":"https:\/\/azophtalmologie.com\/fr\/wp-json\/wp\/v2\/comments?post=29394"}],"version-history":[{"count":105,"href":"https:\/\/azophtalmologie.com\/fr\/wp-json\/wp\/v2\/pages\/29394\/revisions"}],"predecessor-version":[{"id":30043,"href":"https:\/\/azophtalmologie.com\/fr\/wp-json\/wp\/v2\/pages\/29394\/revisions\/30043"}],"wp:attachment":[{"href":"https:\/\/azophtalmologie.com\/fr\/wp-json\/wp\/v2\/media?parent=29394"}],"curies":[{"name":"wp","href":"https:\/\/api.w.org\/{rel}","templated":true}]}}