{"id":29384,"date":"2022-06-26T19:25:03","date_gmt":"2022-06-26T17:25:03","guid":{"rendered":"https:\/\/site2022.azophtalmologie.com\/?page_id=29384"},"modified":"2022-11-14T17:16:48","modified_gmt":"2022-11-14T16:16:48","slug":"chirurgie","status":"publish","type":"page","link":"https:\/\/azophtalmologie.com\/fr\/chirurgie\/","title":{"rendered":"Chirurgie"},"content":{"rendered":"<p>[vc_row el_class=\u00a0\u00bbjustify\u00a0\u00bb][vc_column width=\u00a0\u00bb1\/2&Prime; el_class=\u00a0\u00bbjustify\u00a0\u00bb][vc_column_text]Docteur Abouzeid pratique les interventions chirurgicales courantes du segment ant\u00e9rieur de l\u2019\u0153il, qui incluent \u00e9galement la traumatologie.<\/p>\n<p>En fonction des besoins du patient, la chirurgie de la cataracte peut \u00eatre effectu\u00e9e au laser femtoseconde (<a href=\"http:\/\/www.rts.ch\/play\/tv\/19h30\/video\/une-nouvelle-technologie-promet-deviter-les-complications-suite-a-loperation-de-la-cataracte?id=4731235\" target=\"_blank\" rel=\"noopener\">lien RTS<\/a>), derni\u00e8re avanc\u00e9e technologique dans la chirurgie de la cataracte, qui permet l\u2019automatisation de certaines \u00e9tapes de la chirurgie.<\/p>\n<p>Dans la pratique courante, la microincision et l\u2019utilisation des ultrasons sont la r\u00e8gle. Pour les patients qui remplissent certains crit\u00e8res, nous proposons les implants multifocaux permettant une vision de loin et de pr\u00e8s, ainsi que les implants toriques qui corrigent l\u2019astigmatisme. Pour ces derniers, un syst\u00e8me moderne d\u2019alignement des implants int\u00e9gr\u00e9 au microscope est utilis\u00e9, derni\u00e8re technologie qui permet un positionnement fiable des implants intraoculaires.[\/vc_column_text][\/vc_column][vc_column width=\u00a0\u00bb1\/2&Prime;][vc_column_text]La chirurgie du glaucome se pratique selon la technique de la scl\u00e9rectomie profonde ou de la trab\u00e9culectomie en fonction des besoins de chaque patient. Le laser fait \u00e9galement partie de la plateforme de soins \u00e0 disposition, de m\u00eame que diff\u00e9rents implants de derni\u00e8re g\u00e9n\u00e9ration, utiles pour abaisser la pression intraoculaire.<\/p>\n<p>Les interventions chirurgicales sont pratiqu\u00e9es dans les cliniques o\u00f9 <a href=\"https:\/\/azophtalmologie.com\/fr\/notre-equipe\/docteur-abouzeid\/\">Docteur Hana Abouzeid est accr\u00e9dit\u00e9e,<\/a> en fonction du lieu du domicile du patient et des appareils n\u00e9cessaires \u00e0 la chirurgie pratiqu\u00e9e. Les interventions chirurgicales sont pratiqu\u00e9es \u00e0 Gen\u00e8ve \u00e0 <b>Vision Clinique<\/b> (<a href=\"http:\/\/www.visionclinique.ch\/fr\/\">lien<\/a>)\u00a0ou \u00e0 la\u00a0<strong>Clinique La Colline<\/strong>\u00a0(<a href=\"https:\/\/www.hirslanden.ch\/global\/fr\/accueil\/cliniques_centres\/clinique_la_colline.html\" target=\"_blank\" rel=\"noopener\">lien<\/a>), ou encore \u00e0 la clinique <strong>G\u00e9n\u00e9rale-Beaulieu<\/strong>\u00a0(<a href=\"https:\/\/www.beaulieu.ch\/\">lien<\/a>).<\/p>\n<p>Les blocs op\u00e9ratoires sont tous tr\u00e8s r\u00e9cents et disposent de proc\u00e9dures et d\u2019un \u00e9quipement de pointe, notamment au niveau des microscopes op\u00e9ratoires, permettant une chirurgie dans les meilleures conditions de s\u00e9curit\u00e9 tant pour l\u2019op\u00e9rateur que pour le patient.[\/vc_column_text][\/vc_column][\/vc_row]<\/p>\n","protected":false},"excerpt":{"rendered":"<p>[vc_row el_class=\u00a0\u00bbjustify\u00a0\u00bb][vc_column width=\u00a0\u00bb1\/2&Prime; el_class=\u00a0\u00bbjustify\u00a0\u00bb][vc_column_text]Docteur Abouzeid pratique les interventions chirurgicales courantes du segment ant\u00e9rieur de l\u2019\u0153il, qui incluent \u00e9galement la traumatologie. En fonction des besoins du patient, la chirurgie de la cataracte peut \u00eatre effectu\u00e9e au laser femtoseconde (lien RTS), derni\u00e8re avanc\u00e9e technologique dans la chirurgie de la cataracte, qui permet l\u2019automatisation de certaines \u00e9tapes de &hellip; <a href=\"https:\/\/azophtalmologie.com\/fr\/chirurgie\/\" class=\"more-link\">Continue reading <span class=\"screen-reader-text\">Chirurgie<\/span><\/a><\/p>\n","protected":false},"author":1,"featured_media":0,"parent":0,"menu_order":0,"comment_status":"closed","ping_status":"closed","template":"","meta":[],"yoast_head":"<!-- This site is optimized with the Yoast SEO plugin v20.0 - https:\/\/yoast.com\/wordpress\/plugins\/seo\/ -->\n<title>Chirurgie - AZ Ophtalmologie<\/title>\n<meta name=\"description\" content=\"Nous pratiquons les interventions chirurgicales courantes du segment ant\u00e9rieur de l\u2019\u0153il, qui incluent \u00e9galement la traumatologie.\" \/>\n<meta name=\"robots\" content=\"index, follow, max-snippet:-1, max-image-preview:large, max-video-preview:-1\" \/>\n<link rel=\"canonical\" href=\"https:\/\/azophtalmologie.com\/fr\/chirurgie\/\" \/>\n<meta property=\"og:locale\" content=\"fr_FR\" \/>\n<meta property=\"og:type\" content=\"article\" \/>\n<meta property=\"og:title\" content=\"Chirurgie - AZ Ophtalmologie\" \/>\n<meta property=\"og:description\" content=\"Nous pratiquons les interventions chirurgicales courantes du segment ant\u00e9rieur de l\u2019\u0153il, qui incluent \u00e9galement la traumatologie.\" \/>\n<meta property=\"og:url\" content=\"https:\/\/azophtalmologie.com\/fr\/chirurgie\/\" \/>\n<meta property=\"og:site_name\" content=\"AZ Ophtalmologie\" \/>\n<meta property=\"article:modified_time\" content=\"2022-11-14T16:16:48+00:00\" \/>\n<meta name=\"twitter:card\" content=\"summary_large_image\" \/>\n<meta name=\"twitter:label1\" content=\"Dur\u00e9e de lecture estim\u00e9e\" \/>\n\t<meta name=\"twitter:data1\" content=\"2 minutes\" \/>\n<script type=\"application\/ld+json\" class=\"yoast-schema-graph\">{\"@context\":\"https:\/\/schema.org\",\"@graph\":[{\"@type\":\"WebPage\",\"@id\":\"https:\/\/azophtalmologie.com\/fr\/chirurgie\/\",\"url\":\"https:\/\/azophtalmologie.com\/fr\/chirurgie\/\",\"name\":\"Chirurgie - AZ Ophtalmologie\",\"isPartOf\":{\"@id\":\"https:\/\/azophtalmologie.com\/fr\/#website\"},\"datePublished\":\"2022-06-26T17:25:03+00:00\",\"dateModified\":\"2022-11-14T16:16:48+00:00\",\"description\":\"Nous pratiquons les interventions chirurgicales courantes du segment ant\u00e9rieur de l\u2019\u0153il, qui incluent \u00e9galement la traumatologie.\",\"breadcrumb\":{\"@id\":\"https:\/\/azophtalmologie.com\/fr\/chirurgie\/#breadcrumb\"},\"inLanguage\":\"fr-FR\",\"potentialAction\":[{\"@type\":\"ReadAction\",\"target\":[\"https:\/\/azophtalmologie.com\/fr\/chirurgie\/\"]}]},{\"@type\":\"BreadcrumbList\",\"@id\":\"https:\/\/azophtalmologie.com\/fr\/chirurgie\/#breadcrumb\",\"itemListElement\":[{\"@type\":\"ListItem\",\"position\":1,\"name\":\"Accueil\",\"item\":\"https:\/\/azophtalmologie.com\/fr\/\"},{\"@type\":\"ListItem\",\"position\":2,\"name\":\"Chirurgie\"}]},{\"@type\":\"WebSite\",\"@id\":\"https:\/\/azophtalmologie.com\/fr\/#website\",\"url\":\"https:\/\/azophtalmologie.com\/fr\/\",\"name\":\"AZ Ophtalmologie\",\"description\":\"Soins de pointe pour votre vue \u00e0 Gen\u00e8ve\",\"publisher\":{\"@id\":\"https:\/\/azophtalmologie.com\/fr\/#organization\"},\"potentialAction\":[{\"@type\":\"SearchAction\",\"target\":{\"@type\":\"EntryPoint\",\"urlTemplate\":\"https:\/\/azophtalmologie.com\/fr\/?s={search_term_string}\"},\"query-input\":\"required name=search_term_string\"}],\"inLanguage\":\"fr-FR\"},{\"@type\":\"Organization\",\"@id\":\"https:\/\/azophtalmologie.com\/fr\/#organization\",\"name\":\"AZ Ophtalmologie\",\"url\":\"https:\/\/azophtalmologie.com\/fr\/\",\"logo\":{\"@type\":\"ImageObject\",\"inLanguage\":\"fr-FR\",\"@id\":\"https:\/\/azophtalmologie.com\/fr\/#\/schema\/logo\/image\/\",\"url\":\"https:\/\/azophtalmologie.com\/wp-content\/uploads\/2022\/06\/Logo-AZ-OPHTALMOLOGIE-S.png\",\"contentUrl\":\"https:\/\/azophtalmologie.com\/wp-content\/uploads\/2022\/06\/Logo-AZ-OPHTALMOLOGIE-S.png\",\"width\":2020,\"height\":538,\"caption\":\"AZ Ophtalmologie\"},\"image\":{\"@id\":\"https:\/\/azophtalmologie.com\/fr\/#\/schema\/logo\/image\/\"}}]}<\/script>\n<!-- \/ Yoast SEO plugin. -->","yoast_head_json":{"title":"Chirurgie - AZ Ophtalmologie","description":"Nous pratiquons les interventions chirurgicales courantes du segment ant\u00e9rieur de l\u2019\u0153il, qui incluent \u00e9galement la traumatologie.","robots":{"index":"index","follow":"follow","max-snippet":"max-snippet:-1","max-image-preview":"max-image-preview:large","max-video-preview":"max-video-preview:-1"},"canonical":"https:\/\/azophtalmologie.com\/fr\/chirurgie\/","og_locale":"fr_FR","og_type":"article","og_title":"Chirurgie - AZ Ophtalmologie","og_description":"Nous pratiquons les interventions chirurgicales courantes du segment ant\u00e9rieur de l\u2019\u0153il, qui incluent \u00e9galement la traumatologie.","og_url":"https:\/\/azophtalmologie.com\/fr\/chirurgie\/","og_site_name":"AZ Ophtalmologie","article_modified_time":"2022-11-14T16:16:48+00:00","twitter_card":"summary_large_image","twitter_misc":{"Dur\u00e9e de lecture estim\u00e9e":"2 minutes"},"schema":{"@context":"https:\/\/schema.org","@graph":[{"@type":"WebPage","@id":"https:\/\/azophtalmologie.com\/fr\/chirurgie\/","url":"https:\/\/azophtalmologie.com\/fr\/chirurgie\/","name":"Chirurgie - AZ Ophtalmologie","isPartOf":{"@id":"https:\/\/azophtalmologie.com\/fr\/#website"},"datePublished":"2022-06-26T17:25:03+00:00","dateModified":"2022-11-14T16:16:48+00:00","description":"Nous pratiquons les interventions chirurgicales courantes du segment ant\u00e9rieur de l\u2019\u0153il, qui incluent \u00e9galement la traumatologie.","breadcrumb":{"@id":"https:\/\/azophtalmologie.com\/fr\/chirurgie\/#breadcrumb"},"inLanguage":"fr-FR","potentialAction":[{"@type":"ReadAction","target":["https:\/\/azophtalmologie.com\/fr\/chirurgie\/"]}]},{"@type":"BreadcrumbList","@id":"https:\/\/azophtalmologie.com\/fr\/chirurgie\/#breadcrumb","itemListElement":[{"@type":"ListItem","position":1,"name":"Accueil","item":"https:\/\/azophtalmologie.com\/fr\/"},{"@type":"ListItem","position":2,"name":"Chirurgie"}]},{"@type":"WebSite","@id":"https:\/\/azophtalmologie.com\/fr\/#website","url":"https:\/\/azophtalmologie.com\/fr\/","name":"AZ Ophtalmologie","description":"Soins de pointe pour votre vue \u00e0 Gen\u00e8ve","publisher":{"@id":"https:\/\/azophtalmologie.com\/fr\/#organization"},"potentialAction":[{"@type":"SearchAction","target":{"@type":"EntryPoint","urlTemplate":"https:\/\/azophtalmologie.com\/fr\/?s={search_term_string}"},"query-input":"required name=search_term_string"}],"inLanguage":"fr-FR"},{"@type":"Organization","@id":"https:\/\/azophtalmologie.com\/fr\/#organization","name":"AZ Ophtalmologie","url":"https:\/\/azophtalmologie.com\/fr\/","logo":{"@type":"ImageObject","inLanguage":"fr-FR","@id":"https:\/\/azophtalmologie.com\/fr\/#\/schema\/logo\/image\/","url":"https:\/\/azophtalmologie.com\/wp-content\/uploads\/2022\/06\/Logo-AZ-OPHTALMOLOGIE-S.png","contentUrl":"https:\/\/azophtalmologie.com\/wp-content\/uploads\/2022\/06\/Logo-AZ-OPHTALMOLOGIE-S.png","width":2020,"height":538,"caption":"AZ Ophtalmologie"},"image":{"@id":"https:\/\/azophtalmologie.com\/fr\/#\/schema\/logo\/image\/"}}]}},"_links":{"self":[{"href":"https:\/\/azophtalmologie.com\/fr\/wp-json\/wp\/v2\/pages\/29384"}],"collection":[{"href":"https:\/\/azophtalmologie.com\/fr\/wp-json\/wp\/v2\/pages"}],"about":[{"href":"https:\/\/azophtalmologie.com\/fr\/wp-json\/wp\/v2\/types\/page"}],"author":[{"embeddable":true,"href":"https:\/\/azophtalmologie.com\/fr\/wp-json\/wp\/v2\/users\/1"}],"replies":[{"embeddable":true,"href":"https:\/\/azophtalmologie.com\/fr\/wp-json\/wp\/v2\/comments?post=29384"}],"version-history":[{"count":12,"href":"https:\/\/azophtalmologie.com\/fr\/wp-json\/wp\/v2\/pages\/29384\/revisions"}],"predecessor-version":[{"id":30002,"href":"https:\/\/azophtalmologie.com\/fr\/wp-json\/wp\/v2\/pages\/29384\/revisions\/30002"}],"wp:attachment":[{"href":"https:\/\/azophtalmologie.com\/fr\/wp-json\/wp\/v2\/media?parent=29384"}],"curies":[{"name":"wp","href":"https:\/\/api.w.org\/{rel}","templated":true}]}}