{"id":29305,"date":"2022-06-26T17:46:18","date_gmt":"2022-06-26T15:46:18","guid":{"rendered":"https:\/\/site2022.azophtalmologie.com\/?page_id=29305"},"modified":"2022-11-14T17:09:26","modified_gmt":"2022-11-14T16:09:26","slug":"consultations","status":"publish","type":"page","link":"https:\/\/azophtalmologie.com\/fr\/consultations\/","title":{"rendered":"Consultations"},"content":{"rendered":"<p>[vc_row][vc_column width=\u00a0\u00bb1\/2&Prime;][vc_column_text]Le cabinet AZ Ophtalmologie vous accueille sur rendez-vous pour traiter les maladies des yeux n\u00e9cessitant un traitement m\u00e9dical, chirurgical ou au laser. Une plateforme technique de premier ordre dot\u00e9e des appareils les plus modernes et les plus fiables est \u00e0 disposition.<\/p>\n<p>AZ Ophtalmologie est situ\u00e9 \u00e0 la Rue Robert-C\u00e9ard, en plein c\u0153ur de la ville, entre la rue du Rh\u00f4ne et la place du Molard.[\/vc_column_text][\/vc_column][vc_column width=\u00a0\u00bb1\/2&Prime;][vc_single_image image=\u00a0\u00bb29785&Prime; img_size=\u00a0\u00bblarge\u00a0\u00bb alignment=\u00a0\u00bbcenter\u00a0\u00bb style=\u00a0\u00bbvc_box_rounded\u00a0\u00bb][\/vc_column][\/vc_row][vc_row ts_bgcolor=\u00a0\u00bbdarkgrey\u00a0\u00bb full_width=\u00a0\u00bbstretch_row\u00a0\u00bb equal_height=\u00a0\u00bbyes\u00a0\u00bb css=\u00a0\u00bb.vc_custom_1656259819090{padding-top: 0px !important;padding-bottom: 0px !important;}\u00a0\u00bb][vc_column ts_textcolor=\u00a0\u00bbwhite\u00a0\u00bb width=\u00a0\u00bb2\/3&Prime; css=\u00a0\u00bb.vc_custom_1656259940692{padding-top: 100px !important;padding-bottom: 100px !important;}\u00a0\u00bb][vc_column_text]<\/p>\n<h2><span style=\"color: #ffffff;\">Nos appareils d&rsquo;examen<\/span><\/h2>\n<p>D\u00e9couvrez nos appareils de pointe pour traiter efficacement votre vue.<\/p>\n<p>[\/vc_column_text][\/vc_column][vc_column ts_col_bg_expand=\u00a0\u00bbright\u00a0\u00bb width=\u00a0\u00bb1\/3&Prime; el_class=\u00a0\u00bbts-clipimg\u00a0\u00bb css=\u00a0\u00bb.vc_custom_1659621845344{background-image: url(https:\/\/azophtalmologie.com\/wp-content\/uploads\/2022\/06\/L1006904-scaled.jpg?id=29377) !important;background-position: center !important;background-repeat: no-repeat !important;background-size: cover !important;}\u00a0\u00bb offset=\u00a0\u00bbvc_hidden-xs\u00a0\u00bb][\/vc_column][\/vc_row][vc_row equal_height=\u00a0\u00bbyes\u00a0\u00bb content_placement=\u00a0\u00bbmiddle\u00a0\u00bb css=\u00a0\u00bb.vc_custom_1657787975064{border-top-width: 0px !important;border-right-width: 0px !important;border-bottom-width: 2px !important;border-left-width: 0px !important;padding-top: 0px !important;padding-bottom: 0px !important;border-left-color: #0a3380 !important;border-left-style: solid !important;border-right-color: #0a3380 !important;border-right-style: solid !important;border-top-color: #0a3380 !important;border-top-style: solid !important;border-bottom-color: #0a3380 !important;border-bottom-style: solid !important;}\u00a0\u00bb el_class=\u00a0\u00bbappareils\u00a0\u00bb][vc_column width=\u00a0\u00bb1\/2&Prime; css=\u00a0\u00bb.vc_custom_1656261099733{padding-top: 50px !important;padding-bottom: 50px !important;}\u00a0\u00bb][vc_column_text]<\/p>\n<h3><strong>Auto-r\u00e9fracto-k\u00e9rato-tonom\u00e8tre<\/strong><\/h3>\n<p>Cet appareil lanc\u00e9 sur le march\u00e9 r\u00e9cemment\u00a0effectue la mesure \u00e9lectronique de la r\u00e9fraction oculaire de la courbure corn\u00e9enne et de la pression intraoculaire, sur les deux yeux simultan\u00e9ment et en moins d\u2019une seconde.<\/p>\n<p>Les quatre mesures sont regroup\u00e9es en une seule machine pour donner un meilleur confort au patient.[\/vc_column_text][\/vc_column][vc_column width=\u00a0\u00bb1\/2&Prime; css=\u00a0\u00bb.vc_custom_1656261248750{padding-top: 50px !important;padding-bottom: 50px !important;background-position: center !important;background-repeat: no-repeat !important;background-size: cover !important;}\u00a0\u00bb][vc_single_image image=\u00a0\u00bb29601&Prime; img_size=\u00a0\u00bblarge\u00a0\u00bb style=\u00a0\u00bbvc_box_rounded\u00a0\u00bb][\/vc_column][\/vc_row][vc_row equal_height=\u00a0\u00bbyes\u00a0\u00bb content_placement=\u00a0\u00bbmiddle\u00a0\u00bb css=\u00a0\u00bb.vc_custom_1656261711487{border-top-width: 0px !important;border-right-width: 0px !important;border-bottom-width: 2px !important;border-left-width: 0px !important;padding-top: 0px !important;padding-bottom: 0px !important;border-left-color: #0a3380 !important;border-left-style: solid !important;border-right-color: #0a3380 !important;border-right-style: solid !important;border-top-color: #0a3380 !important;border-top-style: solid !important;border-bottom-color: #0a3380 !important;border-bottom-style: solid !important;}\u00a0\u00bb el_class=\u00a0\u00bbappareils\u00a0\u00bb][vc_column width=\u00a0\u00bb1\/2&Prime; css=\u00a0\u00bb.vc_custom_1656261248750{padding-top: 50px !important;padding-bottom: 50px !important;background-position: center !important;background-repeat: no-repeat !important;background-size: cover !important;}\u00a0\u00bb][vc_single_image image=\u00a0\u00bb29598&Prime; img_size=\u00a0\u00bblarge\u00a0\u00bb style=\u00a0\u00bbvc_box_rounded\u00a0\u00bb][\/vc_column][vc_column width=\u00a0\u00bb1\/2&Prime; css=\u00a0\u00bb.vc_custom_1656261099733{padding-top: 50px !important;padding-bottom: 50px !important;}\u00a0\u00bb][vc_column_text]<\/p>\n<h3><strong>Frontofocom\u00e8tre<\/strong><\/h3>\n<p>Appareil tr\u00e8s rapide pour mesurer la puissance des verres de lunettes. Il mesure aussi la cat\u00e9gorie du verre et sa distorsion ainsi que la transmission UV.[\/vc_column_text][\/vc_column][\/vc_row][vc_row equal_height=\u00a0\u00bbyes\u00a0\u00bb content_placement=\u00a0\u00bbmiddle\u00a0\u00bb css=\u00a0\u00bb.vc_custom_1656261427322{border-top-width: 0px !important;border-right-width: 0px !important;border-bottom-width: 2px !important;border-left-width: 0px !important;padding-top: 0px !important;padding-bottom: 0px !important;border-left-color: #0a3380 !important;border-left-style: solid !important;border-right-color: #0a3380 !important;border-right-style: solid !important;border-top-color: #0a3380 !important;border-top-style: solid !important;border-bottom-color: #0a3380 !important;border-bottom-style: solid !important;}\u00a0\u00bb el_class=\u00a0\u00bbappareils\u00a0\u00bb][vc_column width=\u00a0\u00bb1\/2&Prime; css=\u00a0\u00bb.vc_custom_1656261099733{padding-top: 50px !important;padding-bottom: 50px !important;}\u00a0\u00bb][vc_column_text]<\/p>\n<h3><strong>R\u00e9fracteur automatique intelligent \u00e0 \u00e9cran LCD polaris\u00e9<\/strong><\/h3>\n<p>La combinaison de ces deux appareils complets et rapides permet de conna\u00eetre pr\u00e9cis\u00e9ment la vision et les fonctions visuelles telle que la vision des contrastes par exemple. L\u2019utilisation de mat\u00e9riel automatique et digital permet une plus grande objectivit\u00e9 et reproductibilit\u00e9 des mesures, par opposition aux mesures manuelles.[\/vc_column_text][\/vc_column][vc_column width=\u00a0\u00bb1\/2&Prime; css=\u00a0\u00bb.vc_custom_1656261248750{padding-top: 50px !important;padding-bottom: 50px !important;background-position: center !important;background-repeat: no-repeat !important;background-size: cover !important;}\u00a0\u00bb][vc_single_image image=\u00a0\u00bb29731&Prime; img_size=\u00a0\u00bblarge\u00a0\u00bb style=\u00a0\u00bbvc_box_rounded\u00a0\u00bb][\/vc_column][\/vc_row][vc_row equal_height=\u00a0\u00bbyes\u00a0\u00bb content_placement=\u00a0\u00bbmiddle\u00a0\u00bb css=\u00a0\u00bb.vc_custom_1656262222471{border-top-width: 0px !important;border-right-width: 0px !important;border-bottom-width: 0px !important;border-left-width: 0px !important;padding-top: 0px !important;border-left-color: #0a3380 !important;border-left-style: solid !important;border-right-color: #0a3380 !important;border-right-style: solid !important;border-top-color: #0a3380 !important;border-top-style: solid !important;border-bottom-color: #0a3380 !important;border-bottom-style: solid !important;}\u00a0\u00bb el_class=\u00a0\u00bbappareils\u00a0\u00bb][vc_column width=\u00a0\u00bb1\/2&Prime; css=\u00a0\u00bb.vc_custom_1656261248750{padding-top: 50px !important;padding-bottom: 50px !important;background-position: center !important;background-repeat: no-repeat !important;background-size: cover !important;}\u00a0\u00bb][vc_single_image image=\u00a0\u00bb29736&Prime; img_size=\u00a0\u00bblarge\u00a0\u00bb style=\u00a0\u00bbvc_box_rounded\u00a0\u00bb][\/vc_column][vc_column width=\u00a0\u00bb1\/2&Prime; css=\u00a0\u00bb.vc_custom_1656261099733{padding-top: 50px !important;padding-bottom: 50px !important;}\u00a0\u00bb][vc_column_text]<\/p>\n<h3><strong>Biomicroscope<\/strong><\/h3>\n<p>Le biomicroscope est un microscope \u00e9quip\u00e9 d\u2019une fente lumineuse qui permet d\u2019\u00e9clairer et d\u2019\u00e9tudier individuellement chaque partie de l\u2019\u0153il, de la corn\u00e9e \u00e0 la r\u00e9tine. La r\u00e9solution optique du microscope est de 10microns, ce qui permet au praticien un examen tr\u00e8s pr\u00e9cis.[\/vc_column_text][\/vc_column][\/vc_row][vc_row ts_bgcolor=\u00a0\u00bbdarkgrey\u00a0\u00bb full_width=\u00a0\u00bbstretch_row\u00a0\u00bb equal_height=\u00a0\u00bbyes\u00a0\u00bb css=\u00a0\u00bb.vc_custom_1656259819090{padding-top: 0px !important;padding-bottom: 0px !important;}\u00a0\u00bb][vc_column ts_textcolor=\u00a0\u00bbwhite\u00a0\u00bb width=\u00a0\u00bb2\/3&Prime; css=\u00a0\u00bb.vc_custom_1656259940692{padding-top: 100px !important;padding-bottom: 100px !important;}\u00a0\u00bb][vc_column_text]<\/p>\n<h2><span style=\"color: #ffffff;\"> Examens compl\u00e9mentaires<\/span><\/h2>\n<p>D\u00e9couvrez nos appareils de pointe pour r\u00e9aliser les examens compl\u00e9mentaires.[\/vc_column_text][\/vc_column][vc_column ts_col_bg_expand=\u00a0\u00bbright\u00a0\u00bb width=\u00a0\u00bb1\/3&Prime; el_class=\u00a0\u00bbts-clipimg\u00a0\u00bb css=\u00a0\u00bb.vc_custom_1660495326702{background-image: url(https:\/\/azophtalmologie.com\/wp-content\/uploads\/2022\/08\/Biometrie.jpg?id=29861) !important;background-position: center !important;background-repeat: no-repeat !important;background-size: cover !important;}\u00a0\u00bb offset=\u00a0\u00bbvc_hidden-xs\u00a0\u00bb][\/vc_column][\/vc_row][vc_row css=\u00a0\u00bb.vc_custom_1656262549723{padding-bottom: 0px !important;}\u00a0\u00bb el_class=\u00a0\u00bbappareils\u00a0\u00bb][vc_column width=\u00a0\u00bb1\/3&Prime;][vc_column_text]<\/p>\n<h3><strong>P\u00e9rim\u00e8tre \u00e0 projection<\/strong><\/h3>\n<p>Cet appareil examine le champ visuel complet de chaque oeil lorsque l\u2019\u0153il est immobile et regarde un point lumineux en face. Utile pour les examens du permis de conduire mais surtout pour le diagnostic et le suivi du glaucome et des pathologies neurologiques. Il a une gamme sophistiqu\u00e9e de strat\u00e9gies d\u2019\u00e9valuation indispensable aux sp\u00e9cialistes du glaucome.[\/vc_column_text][\/vc_column][vc_column width=\u00a0\u00bb1\/3&Prime;][vc_column_text]<\/p>\n<h3><strong>OCT<\/strong><\/h3>\n<p>L\u2019<em>OCT<\/em>\u00a0ou tomographie \u00e0 coh\u00e9rence optique permet de mesurer en temps r\u00e9el l\u2019\u00e9paisseur de la\u00a0<em>r\u00e9tine<\/em>\u00a0avec une r\u00e9solution de quelques microns, et de d\u00e9celer des pathologies courantes de la r\u00e9tine mais aussi du nerf optique. Il est devenu un examen de pointe important pour le d\u00e9pistage et le suivi du glaucome, du diab\u00e8te, ou de la d\u00e9g\u00e9n\u00e9rescence maculaire li\u00e9e \u00e0 l\u2019\u00e2ge, entre autres pathologies.[\/vc_column_text][\/vc_column][vc_column width=\u00a0\u00bb1\/3&Prime;][vc_column_text]<\/p>\n<h3><strong>Topographie corn\u00e9enne<\/strong><\/h3>\n<p>Permet de recueillir et d\u2019analyser automatiquement des informations relatives \u00e0 la courbure de la corn\u00e9e, les images permettent ensuite au chirurgien de suivre une pathologie de la corn\u00e9e ou de programmer pr\u00e9cis\u00e9ment une chirurgie r\u00e9fractive, avec ou sans implant, ou de la cataracte avec implant pour l\u2019astigmatisme.[\/vc_column_text][\/vc_column][\/vc_row][vc_row css=\u00a0\u00bb.vc_custom_1656262554090{padding-top: 0px !important;}\u00a0\u00bb el_class=\u00a0\u00bbappareils\u00a0\u00bb][vc_column width=\u00a0\u00bb1\/6&Prime;][\/vc_column][vc_column width=\u00a0\u00bb1\/3&Prime;][vc_column_text]<\/p>\n<h3><strong>Biom\u00e8tre oculaire<\/strong><\/h3>\n<p>Le biom\u00e8tre oculaire permet la mesure de certaines dimensions de l\u2019\u0153il comme sa longueur axiale, ou la courbure de la corn\u00e9e, qui va servir au calcul de la puissance de l\u2019implant intraoculaire qui va remplacer le cristallin lors de la chirurgie de la cataracte.[\/vc_column_text][\/vc_column][vc_column width=\u00a0\u00bb1\/3&Prime;][vc_column_text]<\/p>\n<h3><strong>Compteur endoth\u00e9lial<\/strong><\/h3>\n<p>Il permet la num\u00e9ration des cellules de la corn\u00e9e post\u00e9rieure par mm2 qui est n\u00e9cessaire en cas de mise en place d\u2019implant dans la chambre ant\u00e9rieure de l\u2019\u0153il par exemple.[\/vc_column_text][\/vc_column][vc_column width=\u00a0\u00bb1\/6&Prime;][\/vc_column][\/vc_row][vc_row ts_bgcolor=\u00a0\u00bbdarkgrey\u00a0\u00bb full_width=\u00a0\u00bbstretch_row\u00a0\u00bb equal_height=\u00a0\u00bbyes\u00a0\u00bb css=\u00a0\u00bb.vc_custom_1660501941308{padding-top: 0px !important;padding-bottom: 0px !important;}\u00a0\u00bb el_class=\u00a0\u00bbapp-therapeutiques\u00a0\u00bb][vc_column ts_textcolor=\u00a0\u00bbwhite\u00a0\u00bb width=\u00a0\u00bb2\/3&Prime; css=\u00a0\u00bb.vc_custom_1656259940692{padding-top: 100px !important;padding-bottom: 100px !important;}\u00a0\u00bb][vc_column_text]<\/p>\n<h2><span style=\"color: #ffffff;\">Appareils th\u00e9rapeutiques<\/span><\/h2>\n<p>D\u00e9couvrez nos appareils th\u00e9rapeutiques.[\/vc_column_text][\/vc_column][vc_column ts_col_bg_expand=\u00a0\u00bbright\u00a0\u00bb width=\u00a0\u00bb1\/3&Prime; el_class=\u00a0\u00bbts-clipimg\u00a0\u00bb css=\u00a0\u00bb.vc_custom_1659622353278{background-image: url(https:\/\/azophtalmologie.com\/wp-content\/uploads\/2022\/08\/L1006898-scaled.jpg?id=29794) !important;background-position: center !important;background-repeat: no-repeat !important;background-size: cover !important;}\u00a0\u00bb offset=\u00a0\u00bbvc_hidden-xs\u00a0\u00bb][\/vc_column][\/vc_row][vc_row el_class=\u00a0\u00bbappareils\u00a0\u00bb][vc_column width=\u00a0\u00bb1\/6&Prime;][\/vc_column][vc_column width=\u00a0\u00bb1\/3&Prime;][vc_column_text]<\/p>\n<h3><strong>Laser YAG<\/strong><\/h3>\n<p>Le\u00a0<em>laser<\/em>\u00a0Nd:<em>YAG<\/em>\u00a0est utilis\u00e9 en ophtalmologie pour r\u00e9aliser une ouverture dans le voile secondaire qui peut se former quelques mois ou ann\u00e9es apr\u00e8s une chirurgie de la cataracte ou pour pratiquer une ouverture dans l\u2019iris pour un traitement du glaucome, pour ne citer que les principales indications de cet appareil.[\/vc_column_text][\/vc_column][vc_column width=\u00a0\u00bb1\/3&Prime;][vc_column_text]<\/p>\n<h3><strong>Laser SLT<\/strong><\/h3>\n<p>Le laser SLT est un traitement de choix du glaucome qui permet d\u2019abaisser la pression intraoculaire en appliquant des impacts de laser dans le trab\u00e9culum, tissu oculaire responsable de l\u2019\u00e9vacuation de l\u2019humeur aqueuse de l\u2019\u0153il.[\/vc_column_text][\/vc_column][vc_column width=\u00a0\u00bb1\/6&Prime;][\/vc_column][\/vc_row]<\/p>\n","protected":false},"excerpt":{"rendered":"<p>[vc_row][vc_column width=\u00a0\u00bb1\/2&Prime;][vc_column_text]Le cabinet AZ Ophtalmologie vous accueille sur rendez-vous pour traiter les maladies des yeux n\u00e9cessitant un traitement m\u00e9dical, chirurgical ou au laser. Une plateforme technique de premier ordre dot\u00e9e des appareils les plus modernes et les plus fiables est \u00e0 disposition. AZ Ophtalmologie est situ\u00e9 \u00e0 la Rue Robert-C\u00e9ard, en plein c\u0153ur de la &hellip; <a href=\"https:\/\/azophtalmologie.com\/fr\/consultations\/\" class=\"more-link\">Continue reading <span class=\"screen-reader-text\">Consultations<\/span><\/a><\/p>\n","protected":false},"author":1,"featured_media":0,"parent":0,"menu_order":0,"comment_status":"closed","ping_status":"closed","template":"","meta":[],"yoast_head":"<!-- This site is optimized with the Yoast SEO plugin v20.0 - https:\/\/yoast.com\/wordpress\/plugins\/seo\/ -->\n<title>Consultations - AZ Ophtalmologie<\/title>\n<meta name=\"description\" content=\"AZ Ophtalmologie vous accueille \u00e0 Gen\u00e8ve pour traiter les maladies des yeux n\u00e9cessitant un traitement m\u00e9dical, chirurgical ou au laser.\" \/>\n<meta name=\"robots\" content=\"index, follow, max-snippet:-1, max-image-preview:large, max-video-preview:-1\" \/>\n<link rel=\"canonical\" href=\"https:\/\/azophtalmologie.com\/fr\/consultations\/\" \/>\n<meta property=\"og:locale\" content=\"fr_FR\" \/>\n<meta property=\"og:type\" content=\"article\" \/>\n<meta property=\"og:title\" content=\"Consultations - AZ Ophtalmologie\" \/>\n<meta property=\"og:description\" content=\"AZ Ophtalmologie vous accueille \u00e0 Gen\u00e8ve pour traiter les maladies des yeux n\u00e9cessitant un traitement m\u00e9dical, chirurgical ou au laser.\" \/>\n<meta property=\"og:url\" content=\"https:\/\/azophtalmologie.com\/fr\/consultations\/\" \/>\n<meta property=\"og:site_name\" content=\"AZ Ophtalmologie\" \/>\n<meta property=\"article:modified_time\" content=\"2022-11-14T16:09:26+00:00\" \/>\n<meta name=\"twitter:card\" content=\"summary_large_image\" \/>\n<meta name=\"twitter:label1\" content=\"Dur\u00e9e de lecture estim\u00e9e\" \/>\n\t<meta name=\"twitter:data1\" content=\"5 minutes\" \/>\n<script type=\"application\/ld+json\" class=\"yoast-schema-graph\">{\"@context\":\"https:\/\/schema.org\",\"@graph\":[{\"@type\":\"WebPage\",\"@id\":\"https:\/\/azophtalmologie.com\/fr\/consultations\/\",\"url\":\"https:\/\/azophtalmologie.com\/fr\/consultations\/\",\"name\":\"Consultations - AZ Ophtalmologie\",\"isPartOf\":{\"@id\":\"https:\/\/azophtalmologie.com\/fr\/#website\"},\"datePublished\":\"2022-06-26T15:46:18+00:00\",\"dateModified\":\"2022-11-14T16:09:26+00:00\",\"description\":\"AZ Ophtalmologie vous accueille \u00e0 Gen\u00e8ve pour traiter les maladies des yeux n\u00e9cessitant un traitement m\u00e9dical, chirurgical ou au laser.\",\"breadcrumb\":{\"@id\":\"https:\/\/azophtalmologie.com\/fr\/consultations\/#breadcrumb\"},\"inLanguage\":\"fr-FR\",\"potentialAction\":[{\"@type\":\"ReadAction\",\"target\":[\"https:\/\/azophtalmologie.com\/fr\/consultations\/\"]}]},{\"@type\":\"BreadcrumbList\",\"@id\":\"https:\/\/azophtalmologie.com\/fr\/consultations\/#breadcrumb\",\"itemListElement\":[{\"@type\":\"ListItem\",\"position\":1,\"name\":\"Accueil\",\"item\":\"https:\/\/azophtalmologie.com\/fr\/\"},{\"@type\":\"ListItem\",\"position\":2,\"name\":\"Consultations\"}]},{\"@type\":\"WebSite\",\"@id\":\"https:\/\/azophtalmologie.com\/fr\/#website\",\"url\":\"https:\/\/azophtalmologie.com\/fr\/\",\"name\":\"AZ Ophtalmologie\",\"description\":\"Soins de pointe pour votre vue \u00e0 Gen\u00e8ve\",\"publisher\":{\"@id\":\"https:\/\/azophtalmologie.com\/fr\/#organization\"},\"potentialAction\":[{\"@type\":\"SearchAction\",\"target\":{\"@type\":\"EntryPoint\",\"urlTemplate\":\"https:\/\/azophtalmologie.com\/fr\/?s={search_term_string}\"},\"query-input\":\"required name=search_term_string\"}],\"inLanguage\":\"fr-FR\"},{\"@type\":\"Organization\",\"@id\":\"https:\/\/azophtalmologie.com\/fr\/#organization\",\"name\":\"AZ Ophtalmologie\",\"url\":\"https:\/\/azophtalmologie.com\/fr\/\",\"logo\":{\"@type\":\"ImageObject\",\"inLanguage\":\"fr-FR\",\"@id\":\"https:\/\/azophtalmologie.com\/fr\/#\/schema\/logo\/image\/\",\"url\":\"https:\/\/azophtalmologie.com\/wp-content\/uploads\/2022\/06\/Logo-AZ-OPHTALMOLOGIE-S.png\",\"contentUrl\":\"https:\/\/azophtalmologie.com\/wp-content\/uploads\/2022\/06\/Logo-AZ-OPHTALMOLOGIE-S.png\",\"width\":2020,\"height\":538,\"caption\":\"AZ Ophtalmologie\"},\"image\":{\"@id\":\"https:\/\/azophtalmologie.com\/fr\/#\/schema\/logo\/image\/\"}}]}<\/script>\n<!-- \/ Yoast SEO plugin. -->","yoast_head_json":{"title":"Consultations - AZ Ophtalmologie","description":"AZ Ophtalmologie vous accueille \u00e0 Gen\u00e8ve pour traiter les maladies des yeux n\u00e9cessitant un traitement m\u00e9dical, chirurgical ou au laser.","robots":{"index":"index","follow":"follow","max-snippet":"max-snippet:-1","max-image-preview":"max-image-preview:large","max-video-preview":"max-video-preview:-1"},"canonical":"https:\/\/azophtalmologie.com\/fr\/consultations\/","og_locale":"fr_FR","og_type":"article","og_title":"Consultations - AZ Ophtalmologie","og_description":"AZ Ophtalmologie vous accueille \u00e0 Gen\u00e8ve pour traiter les maladies des yeux n\u00e9cessitant un traitement m\u00e9dical, chirurgical ou au laser.","og_url":"https:\/\/azophtalmologie.com\/fr\/consultations\/","og_site_name":"AZ Ophtalmologie","article_modified_time":"2022-11-14T16:09:26+00:00","twitter_card":"summary_large_image","twitter_misc":{"Dur\u00e9e de lecture estim\u00e9e":"5 minutes"},"schema":{"@context":"https:\/\/schema.org","@graph":[{"@type":"WebPage","@id":"https:\/\/azophtalmologie.com\/fr\/consultations\/","url":"https:\/\/azophtalmologie.com\/fr\/consultations\/","name":"Consultations - AZ Ophtalmologie","isPartOf":{"@id":"https:\/\/azophtalmologie.com\/fr\/#website"},"datePublished":"2022-06-26T15:46:18+00:00","dateModified":"2022-11-14T16:09:26+00:00","description":"AZ Ophtalmologie vous accueille \u00e0 Gen\u00e8ve pour traiter les maladies des yeux n\u00e9cessitant un traitement m\u00e9dical, chirurgical ou au laser.","breadcrumb":{"@id":"https:\/\/azophtalmologie.com\/fr\/consultations\/#breadcrumb"},"inLanguage":"fr-FR","potentialAction":[{"@type":"ReadAction","target":["https:\/\/azophtalmologie.com\/fr\/consultations\/"]}]},{"@type":"BreadcrumbList","@id":"https:\/\/azophtalmologie.com\/fr\/consultations\/#breadcrumb","itemListElement":[{"@type":"ListItem","position":1,"name":"Accueil","item":"https:\/\/azophtalmologie.com\/fr\/"},{"@type":"ListItem","position":2,"name":"Consultations"}]},{"@type":"WebSite","@id":"https:\/\/azophtalmologie.com\/fr\/#website","url":"https:\/\/azophtalmologie.com\/fr\/","name":"AZ Ophtalmologie","description":"Soins de pointe pour votre vue \u00e0 Gen\u00e8ve","publisher":{"@id":"https:\/\/azophtalmologie.com\/fr\/#organization"},"potentialAction":[{"@type":"SearchAction","target":{"@type":"EntryPoint","urlTemplate":"https:\/\/azophtalmologie.com\/fr\/?s={search_term_string}"},"query-input":"required name=search_term_string"}],"inLanguage":"fr-FR"},{"@type":"Organization","@id":"https:\/\/azophtalmologie.com\/fr\/#organization","name":"AZ Ophtalmologie","url":"https:\/\/azophtalmologie.com\/fr\/","logo":{"@type":"ImageObject","inLanguage":"fr-FR","@id":"https:\/\/azophtalmologie.com\/fr\/#\/schema\/logo\/image\/","url":"https:\/\/azophtalmologie.com\/wp-content\/uploads\/2022\/06\/Logo-AZ-OPHTALMOLOGIE-S.png","contentUrl":"https:\/\/azophtalmologie.com\/wp-content\/uploads\/2022\/06\/Logo-AZ-OPHTALMOLOGIE-S.png","width":2020,"height":538,"caption":"AZ Ophtalmologie"},"image":{"@id":"https:\/\/azophtalmologie.com\/fr\/#\/schema\/logo\/image\/"}}]}},"_links":{"self":[{"href":"https:\/\/azophtalmologie.com\/fr\/wp-json\/wp\/v2\/pages\/29305"}],"collection":[{"href":"https:\/\/azophtalmologie.com\/fr\/wp-json\/wp\/v2\/pages"}],"about":[{"href":"https:\/\/azophtalmologie.com\/fr\/wp-json\/wp\/v2\/types\/page"}],"author":[{"embeddable":true,"href":"https:\/\/azophtalmologie.com\/fr\/wp-json\/wp\/v2\/users\/1"}],"replies":[{"embeddable":true,"href":"https:\/\/azophtalmologie.com\/fr\/wp-json\/wp\/v2\/comments?post=29305"}],"version-history":[{"count":61,"href":"https:\/\/azophtalmologie.com\/fr\/wp-json\/wp\/v2\/pages\/29305\/revisions"}],"predecessor-version":[{"id":29869,"href":"https:\/\/azophtalmologie.com\/fr\/wp-json\/wp\/v2\/pages\/29305\/revisions\/29869"}],"wp:attachment":[{"href":"https:\/\/azophtalmologie.com\/fr\/wp-json\/wp\/v2\/media?parent=29305"}],"curies":[{"name":"wp","href":"https:\/\/api.w.org\/{rel}","templated":true}]}}